{"id":2,"date":"2016-05-10T03:48:21","date_gmt":"2016-05-10T03:48:21","guid":{"rendered":"http:\/\/holgersfotoblog.de\/?page_id=2"},"modified":"2020-05-17T10:35:57","modified_gmt":"2020-05-17T10:35:57","slug":"sample-page","status":"publish","type":"page","link":"https:\/\/holgersfotoblog.de\/","title":{"rendered":"\u00dcber mich"},"content":{"rendered":"<p>Hallo! Ich bin Holger und besch\u00e4ftige mich seit einiger Zeit mit Fotografie.<\/p>\n<p>Fotografie ist f\u00fcr mich eine Kombination aus Technik (Blende, ISO, Brennweite etc.) und Kreativit\u00e4t. Kreativit\u00e4t bedeutet f\u00fcr mich, sich ein Objekt zu erschlie\u00dfen, eine neue Perspektive einzunehmen und neue Details zu sehen. H\u00e4ufig stehe ich vor dem Problem, dass ich das <em>Besondere<\/em> an einem Objekt oder einer Szenerie nicht abbilden kann.<\/p>\n<p>Ein paar Beispiele:<\/p>\n<ul>\n<li>St\u00e4hlerne Konstruktionen wie <a href=\"https:\/\/de.wikipedia.org\/wiki\/Covent_Garden\">Covent Garden Market in London<\/a>. Ich mag das Design aber schaffe es nicht, das Besondere abzulichten bzw. zu finden.<\/li>\n<li>Ein Objekt (Blume, Geb\u00e4ude etc.) ist insgesamt sch\u00f6n oder interessant. Aber eine Totale wirkt wiederum langweilig oder generisch.<\/li>\n<\/ul>\n<p>Das meine ich damit, ein Objekt zu erschlie\u00dfen.<\/p>\n<p>Auf meinem Blog m\u00f6chte ich \u00fcber meine Projekte berichten, die ich angegangen bin, um etwas zu lernen. Denn: Man lernt nie aus.<\/p>\n","protected":false},"excerpt":{"rendered":"<p>Hallo! Ich bin Holger und besch\u00e4ftige mich seit einiger Zeit mit Fotografie. Fotografie ist f\u00fcr mich eine Kombination aus Technik (Blende, ISO, Brennweite etc.) und Kreativit\u00e4t. Kreativit\u00e4t bedeutet f\u00fcr mich, sich ein Objekt zu erschlie\u00dfen, eine neue Perspektive einzunehmen und neue Details zu sehen. H\u00e4ufig stehe ich vor dem Problem, dass ich das Besondere an [&hellip;]<\/p>\n","protected":false},"author":1,"featured_media":0,"parent":0,"menu_order":0,"comment_status":"closed","ping_status":"closed","template":"","meta":{"footnotes":""},"class_list":["post-2","page","type-page","status-publish","hentry"],"_links":{"self":[{"href":"https:\/\/holgersfotoblog.de\/index.php?rest_route=\/wp\/v2\/pages\/2","targetHints":{"allow":["GET"]}}],"collection":[{"href":"https:\/\/holgersfotoblog.de\/index.php?rest_route=\/wp\/v2\/pages"}],"about":[{"href":"https:\/\/holgersfotoblog.de\/index.php?rest_route=\/wp\/v2\/types\/page"}],"author":[{"embeddable":true,"href":"https:\/\/holgersfotoblog.de\/index.php?rest_route=\/wp\/v2\/users\/1"}],"replies":[{"embeddable":true,"href":"https:\/\/holgersfotoblog.de\/index.php?rest_route=%2Fwp%2Fv2%2Fcomments&post=2"}],"version-history":[{"count":4,"href":"https:\/\/holgersfotoblog.de\/index.php?rest_route=\/wp\/v2\/pages\/2\/revisions"}],"predecessor-version":[{"id":264,"href":"https:\/\/holgersfotoblog.de\/index.php?rest_route=\/wp\/v2\/pages\/2\/revisions\/264"}],"wp:attachment":[{"href":"https:\/\/holgersfotoblog.de\/index.php?rest_route=%2Fwp%2Fv2%2Fmedia&parent=2"}],"curies":[{"name":"wp","href":"https:\/\/api.w.org\/{rel}","templated":true}]}}