{"id":239,"date":"2020-04-26T11:25:46","date_gmt":"2020-04-26T11:25:46","guid":{"rendered":"http:\/\/holgersfotoblog.de\/?page_id=239"},"modified":"2020-05-11T21:48:17","modified_gmt":"2020-05-11T21:48:17","slug":"brennweite","status":"publish","type":"page","link":"https:\/\/holgersfotoblog.de\/?page_id=239","title":{"rendered":"Brennweite"},"content":{"rendered":"\n<p>Die Brennweite einer Linse ist der Abstand der Linsenmitte zu dem Punkt, an dem sich die einfallenden parallelen Lichtstrahlen kreuzen. Dieser Punkt ist der Brennpunkt bzw. Fokus. Am besten kann man sich die Brennweite mit einer Lupe, der Sonne und einem Blatt Papier verdeutlichen. Diese Beschreibung ist physikalisch wahrscheinlich zu ungenau, aber sehr sicher f\u00fcr die Fotografie nicht relevant. Zum einen ist ein Objektiv keine einfache Linse und zum anderen wollen wir auch kein Feuerchen entfachen bzw. Sch\u00e4den an der Ausr\u00fcstung riskieren. Daher sollte man besten immer den Objektivdeckel aufsetzen, wenn Objektive im Freien liegen.<\/p>\n\n\n\n<p>Relevant f\u00fcr Fotografen ist die Auswirkung der Brennweite auf den Bildwinkel und die Bildgestaltung. Hierzu habe ich <a href=\"http:\/\/holgersfotoblog.de\/?page_id=130\">beim Projekt Blende und Brennweite <\/a>bereits etwas geschrieben. Eine hohe Brennweite erlaubt das Herausgreifen eines Motivs. Hinter- und Vordergrund werden aufgel\u00f6st und st\u00f6rende Elemente werden nicht erfasst. Eine besondere Spielart ist der <a href=\"https:\/\/de.wikipedia.org\/wiki\/Dolly-Zoom\">Dolly-Zoom<\/a>. Auf die Fotografie angewendet r\u00fcckt der Hintergrund n\u00e4her an das Motiv heran. Die Kombination von Brennweite und Abstand wirkt sich direkt auf die Sch\u00e4rfentiefe aus. Kurzer Abstand + Hohe Brennweite = Geringe Sch\u00e4rfentiefe.<\/p>\n\n\n\n<p>Man unterscheidet grob zwischen drei Brennweitenbereichen. <\/p>\n\n\n\n<ol class=\"wp-block-list\"><li>Weitwinkel: bis 50mm. Zeichnen sich durch eine hohe Sch\u00e4rfentiefe aus. Gerade f\u00fcr Landschafts- und Architekturfotografie sehr gut geeignet.<\/li><li>Normalbrennweite: 50mm. Diese Brennweite entspricht ungef\u00e4hr dem Sichtbereich, in dem wir unsere Umwelt bewusst wahrnehmen. Das sind wohl 50\u00b0 unseres Sichtfelds. Hier geht es um den Sichtbereich und entsprechend muss ein Crop-Faktor mit einbezogen werden. 50\u00b0 entsprechen ca. 35mm an meiner Nikon D5300 (kein Vollformat). <br>Ein Crop-Faktor > 1 bedeutet, dass der Bildsensor kleiner als 36 x 24mm (Vollformat) ist. Scheinbar verl\u00e4ngert der Faktor die Brennweite des Objektivs. Tats\u00e4chlich \u00e4ndert sich aber nur der Bildausschnitt, welcher enger wird und dem einer gr\u00f6\u00dferen Brennweite an einer Vollformatkamera entspricht.<\/li><li>Telebrennweite: ab 50mm. 85mm gelten als gute Brennweite f\u00fcr Portraits.<\/li><\/ol>\n","protected":false},"excerpt":{"rendered":"<p>Die Brennweite einer Linse ist der Abstand der Linsenmitte zu dem Punkt, an dem sich die einfallenden parallelen Lichtstrahlen kreuzen. Dieser Punkt ist der Brennpunkt bzw. Fokus. Am besten kann man sich die Brennweite mit einer Lupe, der Sonne und einem Blatt Papier verdeutlichen. Diese Beschreibung ist physikalisch wahrscheinlich zu ungenau, aber sehr sicher f\u00fcr [&hellip;]<\/p>\n","protected":false},"author":1,"featured_media":0,"parent":237,"menu_order":0,"comment_status":"closed","ping_status":"closed","template":"","meta":{"footnotes":""},"class_list":["post-239","page","type-page","status-publish","hentry"],"_links":{"self":[{"href":"https:\/\/holgersfotoblog.de\/index.php?rest_route=\/wp\/v2\/pages\/239","targetHints":{"allow":["GET"]}}],"collection":[{"href":"https:\/\/holgersfotoblog.de\/index.php?rest_route=\/wp\/v2\/pages"}],"about":[{"href":"https:\/\/holgersfotoblog.de\/index.php?rest_route=\/wp\/v2\/types\/page"}],"author":[{"embeddable":true,"href":"https:\/\/holgersfotoblog.de\/index.php?rest_route=\/wp\/v2\/users\/1"}],"replies":[{"embeddable":true,"href":"https:\/\/holgersfotoblog.de\/index.php?rest_route=%2Fwp%2Fv2%2Fcomments&post=239"}],"version-history":[{"count":4,"href":"https:\/\/holgersfotoblog.de\/index.php?rest_route=\/wp\/v2\/pages\/239\/revisions"}],"predecessor-version":[{"id":260,"href":"https:\/\/holgersfotoblog.de\/index.php?rest_route=\/wp\/v2\/pages\/239\/revisions\/260"}],"up":[{"embeddable":true,"href":"https:\/\/holgersfotoblog.de\/index.php?rest_route=\/wp\/v2\/pages\/237"}],"wp:attachment":[{"href":"https:\/\/holgersfotoblog.de\/index.php?rest_route=%2Fwp%2Fv2%2Fmedia&parent=239"}],"curies":[{"name":"wp","href":"https:\/\/api.w.org\/{rel}","templated":true}]}}