{"id":243,"date":"2020-04-26T11:53:57","date_gmt":"2020-04-26T11:53:57","guid":{"rendered":"http:\/\/holgersfotoblog.de\/?page_id=243"},"modified":"2020-05-11T21:51:21","modified_gmt":"2020-05-11T21:51:21","slug":"blende","status":"publish","type":"page","link":"https:\/\/holgersfotoblog.de\/?page_id=243","title":{"rendered":"Blende"},"content":{"rendered":"\n<p>Die Blende als Zahlenwert f\u00fcr die Lichtst\u00e4rke in der Fotografie ist das Verh\u00e4ltnis aus \u00d6ffnung der Eintrittspupille zur Brennweite. Bei einer Festbrennweite (kein Zoom) ist dieser Wert fix. Bei einem Zoomobjektiv \u00e4ndert sich die Blende mit der Brennweite. Hier wird h\u00e4ufig dann etwas wie 3.8-6.5 angegeben. Die Blende kann direkt gesteuert werden. Dabei wird die Blende (Zahlenwert) aber nur gr\u00f6\u00dfer. Niemals kleiner, da hier die Physik eine Grenze gezogen hat. Und hier ist die gr\u00f6\u00dfte Falle.<\/p>\n\n\n\n<figure class=\"wp-block-image size-large\"><img loading=\"lazy\" decoding=\"async\" width=\"598\" height=\"329\" src=\"http:\/\/holgersfotoblog.de\/wp-content\/uploads\/2020\/04\/Blende.png\" alt=\"\" class=\"wp-image-246\" srcset=\"https:\/\/holgersfotoblog.de\/wp-content\/uploads\/2020\/04\/Blende.png 598w, https:\/\/holgersfotoblog.de\/wp-content\/uploads\/2020\/04\/Blende-300x165.png 300w\" sizes=\"auto, (max-width: 598px) 100vw, 598px\" \/><figcaption>Das Missverst\u00e4ndnis bei der Blende. Gro\u00dfe \u00d6ffnung aber kleine Zahl und kleine \u00d6ffnung aber gro\u00dfe Zahl.<\/figcaption><\/figure>\n\n\n\n<p>Es gibt die Blende als Zahl und die Blende als Mechanik, um tats\u00e4chlich die Gr\u00f6\u00dfe einer \u00d6ffnung einzustellen. <\/p>\n\n\n\n<p>Die Blende (Zahl) in der Fotografie beeinflusst zwei Aspekte gegenl\u00e4ufig.<\/p>\n\n\n\n<ol class=\"wp-block-list\"><li>Die Sch\u00e4rfentiefe. Diese wird mit gr\u00f6\u00dferer Blende gr\u00f6\u00dfer. Die \u00d6ffnung wird kleiner und das Bild sch\u00e4rfer. <\/li><li>Die Lichtmenge. Mit gr\u00f6\u00dferer Blende, also kleinerer \u00d6ffnung, sinkt die Lichtmenge, die dem Sensor zur Verf\u00fcgung steht.<\/li><\/ol>\n\n\n\n<p>Im Umkehrschluss bedeutet das aber, dass je sch\u00e4rfer das Bild sein soll, desto mehr Licht muss vorhanden sein. Das kann man durch eine h\u00f6here ISO oder eine l\u00e4ngere Belichtungszeit erreichen.<\/p>\n\n\n\n<p>Eine geringe Sch\u00e4rfentiefe ist f\u00fcr mich mit das wichtigste Mittel zur Bildgestaltung und f\u00fcr gro\u00dfe Unterschied zur <a href=\"http:\/\/holgersfotoblog.de\/?page_id=109\">Fotografie mit Smartphones<\/a>.<\/p>\n","protected":false},"excerpt":{"rendered":"<p>Die Blende als Zahlenwert f\u00fcr die Lichtst\u00e4rke in der Fotografie ist das Verh\u00e4ltnis aus \u00d6ffnung der Eintrittspupille zur Brennweite. Bei einer Festbrennweite (kein Zoom) ist dieser Wert fix. Bei einem Zoomobjektiv \u00e4ndert sich die Blende mit der Brennweite. Hier wird h\u00e4ufig dann etwas wie 3.8-6.5 angegeben. Die Blende kann direkt gesteuert werden. Dabei wird die [&hellip;]<\/p>\n","protected":false},"author":1,"featured_media":0,"parent":237,"menu_order":1,"comment_status":"closed","ping_status":"closed","template":"","meta":{"footnotes":""},"class_list":["post-243","page","type-page","status-publish","hentry"],"_links":{"self":[{"href":"https:\/\/holgersfotoblog.de\/index.php?rest_route=\/wp\/v2\/pages\/243","targetHints":{"allow":["GET"]}}],"collection":[{"href":"https:\/\/holgersfotoblog.de\/index.php?rest_route=\/wp\/v2\/pages"}],"about":[{"href":"https:\/\/holgersfotoblog.de\/index.php?rest_route=\/wp\/v2\/types\/page"}],"author":[{"embeddable":true,"href":"https:\/\/holgersfotoblog.de\/index.php?rest_route=\/wp\/v2\/users\/1"}],"replies":[{"embeddable":true,"href":"https:\/\/holgersfotoblog.de\/index.php?rest_route=%2Fwp%2Fv2%2Fcomments&post=243"}],"version-history":[{"count":3,"href":"https:\/\/holgersfotoblog.de\/index.php?rest_route=\/wp\/v2\/pages\/243\/revisions"}],"predecessor-version":[{"id":261,"href":"https:\/\/holgersfotoblog.de\/index.php?rest_route=\/wp\/v2\/pages\/243\/revisions\/261"}],"up":[{"embeddable":true,"href":"https:\/\/holgersfotoblog.de\/index.php?rest_route=\/wp\/v2\/pages\/237"}],"wp:attachment":[{"href":"https:\/\/holgersfotoblog.de\/index.php?rest_route=%2Fwp%2Fv2%2Fmedia&parent=243"}],"curies":[{"name":"wp","href":"https:\/\/api.w.org\/{rel}","templated":true}]}}