{"id":267,"date":"2020-06-01T18:55:05","date_gmt":"2020-06-01T18:55:05","guid":{"rendered":"https:\/\/holgersfotoblog.de\/?page_id=267"},"modified":"2020-07-04T18:54:29","modified_gmt":"2020-07-04T18:54:29","slug":"panoramafotografie","status":"publish","type":"page","link":"https:\/\/holgersfotoblog.de\/?page_id=267","title":{"rendered":"Panoramafotografie"},"content":{"rendered":"\n<p>Fotografie ist f\u00fcr mich die Verbindung von k\u00fcnstlerischem Schaffen und technischer Spielerei. Auf der einen Seite w\u00e4re da dann \u00c4sthetik, Bildsprache, Gestaltung etc. Und auf der anderen Seite w\u00e4ren Werkzeuge wie Photoshop, Focusstacking, HDR etc. Und eben auch Panoramafotografie. <\/p>\n\n\n\n<p>Als Panoramafotografie bezeichne ich hier das Aufnehmen mehrerer Bilder und das anschlie\u00dfende Zusammenf\u00fcgen mittels Lightroom, Photoshop, <a href=\"https:\/\/www.ptgui.com\/\">PTGui<\/a> etc. Durch das Zusammenf\u00fcgen werden Bilder erzeugt, die eine Vielzahl der Pixel der Ausgansbilder aufweisen. Hier kommt man dann vom Bereich der Megapixel in den Bereich der Gigapixel. <em>Gigapixel <\/em>haben sich quasi als eigene Gattung etabliert und haben eine so immense Aufl\u00f6sung, dass man unheimlich weit hineinzoomen kann und immer neue Details entdeckt. Ein Beispiel w\u00e4re <a href=\"http:\/\/www.gigapixel.com\/image\/gigapan-hollywood.html\">dieses <\/a>hier.  <\/p>\n\n\n\n<p>Die einzelnen Bilder werden dabei zeilenweise aufgenommen, wobei die Bilder sich \u00fcberlappen m\u00fcssen. Diese \u00dcberlappung dient dazu, die Bilder \u00fcbereinanderlegen zu k\u00f6nnen. Je gr\u00f6\u00dfer dieser Bereich ist, desto leichter hat es die Software. Aber man muss auch mehr Bildmaterial erstellen. Hier hat sich wohl 1\/3 als gutes Mittelma\u00df herausgestellt. Der Ablauf ist dabei, dass man ein Bild aufnimmt, vertikal schwenkt, ein Bild aufnimmt, vertikal schwenkt \u2026 und am Ende der Zeile horizontal schwenkt und eine neue Reihe beginnt. Ein Tipp am Rande: Am Anfang und Ende des Panoramas fotografiere ich meine Hand (es geht aber nat\u00fcrlich auch etwas anderes). Dann erkenne ich leicht, welche Bilder zu einem Panorama geh\u00f6ren. <\/p>\n\n\n\n<p>Als Ausr\u00fcstung ben\u00f6tigt man ein stabiles Stativ mit Stativkopf, der horizontales und vertikales Schwenken zul\u00e4sst. Ich pers\u00f6nlich verwende auch immer einen Fernausl\u00f6ser. Je nach Anspruch kann man einen Nodalpunktadapter verwenden, der Parallaxenfehler beseitigt. Diese Fehler entstehen dadurch, dass die Kamera im Normalfall nicht um die Eintrittspupille des Objektivs geschwenkt wird, sondern um das Stativgewinde am Boden der Kamera. Einen Parallaxenfehler kann man sich so vorstellen: Auf einem Bild steht eine Stra\u00dfenlaterne links von einem Verkehrsschild. Auf dem zweiten Bild, nach dem Schwenken, steht die Stra\u00dfenlaterne rechts vom Verkehrsschild. Dies kann beim Zusammenf\u00fcgen zu Problemen f\u00fchren, reduziert aber generell die Sch\u00e4rfe des Panoramas. Abhilfe schaffen Nodalpunktadapter, welche die Kamera &#8222;nach hinten&#8220; \u00fcber den Drehpunkt des Stativs verschieben. Diese Adapter sind recht teuer \u2026 es gibt aber eine <a href=\"https:\/\/gwegner.de\/tipps\/bauanleitung-nodalpunktadapter\/\">g\u00fcnstigere L\u00f6sung<\/a>. Diese habe ich mir besorgt. Die gute Nachricht ist aber, dass Parallaxenfehler mit zunehmender Entfernung abnehmen. Von einem Turm herunter sollte sich der Effekt entsprechend ausreichend reduziert haben.<\/p>\n\n\n\n<p>Thema <em>Turm<\/em>: Neulich ich war ich in <a href=\"https:\/\/www.hornberg.de\/willkommen\">Hornberg <\/a>auf dem Schloss Hornberg \u2026 bzw. auf dessen Ruine und wollte mal wieder ein Panorama aufnehmen. Hornberg sieht f\u00fcr mich von oben wie eine klassische Modelleisenbahnlandschaft aus: Von Links kommen die Schienen \u00fcber ein Viadukt, dann ein kleiner Bahnhof und alles eingebettet in einen kleinen Ort. Also perfekt f\u00fcr ein Panorama.<\/p>\n\n\n\n<p>Meine Kamera habe ich dazu auf mein Reisestativ montiert und auf die Zinnen des noch stehenden Turms gestellt und mittels Wasserwaage auf dem Blitzschuh waagrecht ausgerichtet. Die kleinen Wasserwaagen f\u00fcr den Blitzschuh kann ich jedem empfehlen, der gerne mal in Schr\u00e4glage ist. Ich verwende die z.B. sehr h\u00e4ufig. Als Objektiv kam mein 70-200mm @ 70mm, f11 zum Einsatz. Den Fokus hatte ich manuell eingestellt und per Liveview \u00fcberpr\u00fcft. Noch ein Hinweis: Wenn ein Objektiv mit Bildstabilisator in Kombination mit einem Stativ eingesetzt wird, sollte man den Bildstabilisator deaktivieren. Bei einigen Objektiven kommen die Algorithmen zur Stabilisation mit Stativen nicht klar und die Bilder verwackeln \u2026 trotz und wegen Stativ.<\/p>\n\n\n\n<p>Bei der Aufnahme habe ich die Schwenks anhand des Liveview gesch\u00e4tzt. Zuhause habe ich die Bilder dann mit Lightroom zusammengesetzt und das Ergebnis l\u00e4sst sich echt sehen! <\/p>\n\n\n\n<figure class=\"wp-block-gallery columns-1 is-cropped wp-block-gallery-1 is-layout-flex wp-block-gallery-is-layout-flex\"><ul class=\"blocks-gallery-grid\"><li class=\"blocks-gallery-item\"><figure><a href=\"https:\/\/holgersfotoblog.de\/wp-content\/uploads\/2020\/07\/DSC_0352-Pano-2-2.jpg\"><img loading=\"lazy\" decoding=\"async\" width=\"1920\" height=\"398\" src=\"https:\/\/holgersfotoblog.de\/wp-content\/uploads\/2020\/07\/DSC_0352-Pano-2-2.jpg\" alt=\"\" data-id=\"310\" class=\"wp-image-310\" srcset=\"https:\/\/holgersfotoblog.de\/wp-content\/uploads\/2020\/07\/DSC_0352-Pano-2-2.jpg 1920w, https:\/\/holgersfotoblog.de\/wp-content\/uploads\/2020\/07\/DSC_0352-Pano-2-2-300x62.jpg 300w, https:\/\/holgersfotoblog.de\/wp-content\/uploads\/2020\/07\/DSC_0352-Pano-2-2-1024x212.jpg 1024w, https:\/\/holgersfotoblog.de\/wp-content\/uploads\/2020\/07\/DSC_0352-Pano-2-2-768x159.jpg 768w, https:\/\/holgersfotoblog.de\/wp-content\/uploads\/2020\/07\/DSC_0352-Pano-2-2-1536x318.jpg 1536w\" sizes=\"auto, (max-width: 1920px) 100vw, 1920px\" \/><\/a><figcaption class=\"blocks-gallery-item__caption\">Blick auf Hornberg vom Turm des Schloss Hornberg, klein skaliert<\/figcaption><\/figure><\/li><\/ul><\/figure>\n\n\n\n<div class=\"wp-block-file\"><a href=\"https:\/\/holgersfotoblog.de\/wp-content\/uploads\/2020\/07\/DSC_0352-Pano2-Benutzerdefiniert.jpg\">Blick auf Hornberg vom Turm des Schloss Hornberg. 30432*6307 px, 16,3 MB<\/a><a href=\"https:\/\/holgersfotoblog.de\/wp-content\/uploads\/2020\/07\/DSC_0352-Pano2-Benutzerdefiniert.jpg\" class=\"wp-block-file__button\" download>Herunterladen<\/a><\/div>\n\n\n\n<p>Das Bild ist so detailgenau, dass man zoomen kann ohne Ende. Es hat ja schlie\u00dflich auch 30432 * 6307 Pixel! Gerade wenn man die H\u00e4user links unten anschaut. Da sieht man sogar die Br\u00fccke, wie sie durch die D\u00e4cher f\u00e4hrt! Wahnsinn.<\/p>\n\n\n\n<figure class=\"wp-block-gallery columns-1 is-cropped wp-block-gallery-2 is-layout-flex wp-block-gallery-is-layout-flex\"><ul class=\"blocks-gallery-grid\"><li class=\"blocks-gallery-item\"><figure><a href=\"https:\/\/holgersfotoblog.de\/wp-content\/uploads\/2020\/07\/DSC_0352-Pano-2-4.jpg\"><img loading=\"lazy\" decoding=\"async\" width=\"1920\" height=\"398\" src=\"https:\/\/holgersfotoblog.de\/wp-content\/uploads\/2020\/07\/DSC_0352-Pano-2-4.jpg\" alt=\"\" data-id=\"314\" class=\"wp-image-314\" srcset=\"https:\/\/holgersfotoblog.de\/wp-content\/uploads\/2020\/07\/DSC_0352-Pano-2-4.jpg 1920w, https:\/\/holgersfotoblog.de\/wp-content\/uploads\/2020\/07\/DSC_0352-Pano-2-4-300x62.jpg 300w, https:\/\/holgersfotoblog.de\/wp-content\/uploads\/2020\/07\/DSC_0352-Pano-2-4-1024x212.jpg 1024w, https:\/\/holgersfotoblog.de\/wp-content\/uploads\/2020\/07\/DSC_0352-Pano-2-4-768x159.jpg 768w, https:\/\/holgersfotoblog.de\/wp-content\/uploads\/2020\/07\/DSC_0352-Pano-2-4-1536x318.jpg 1536w\" sizes=\"auto, (max-width: 1920px) 100vw, 1920px\" \/><\/a><figcaption class=\"blocks-gallery-item__caption\">Extravagante Architektur in Hornberg, klein skaliert<\/figcaption><\/figure><\/li><\/ul><\/figure>\n\n\n\n<p>Ja, tats\u00e4chlich. Da l\u00e4uft ein Teil der Br\u00fccke durch die H\u00e4user. Und rechts unten laufen Wege auch eher ungew\u00f6hnlich. Was ist geschehen? Ich habe geschlampt. Und zwar so ordentlich, dass ich das hier zeigen m\u00f6chte.<\/p>\n\n\n\n<figure class=\"wp-block-gallery columns-1 is-cropped wp-block-gallery-3 is-layout-flex wp-block-gallery-is-layout-flex\"><ul class=\"blocks-gallery-grid\"><li class=\"blocks-gallery-item\"><figure><a href=\"https:\/\/holgersfotoblog.de\/wp-content\/uploads\/2020\/07\/DSC_0352-Pano-5.jpg\"><img loading=\"lazy\" decoding=\"async\" width=\"1920\" height=\"398\" src=\"https:\/\/holgersfotoblog.de\/wp-content\/uploads\/2020\/07\/DSC_0352-Pano-5.jpg\" alt=\"\" data-id=\"313\" class=\"wp-image-313\" srcset=\"https:\/\/holgersfotoblog.de\/wp-content\/uploads\/2020\/07\/DSC_0352-Pano-5.jpg 1920w, https:\/\/holgersfotoblog.de\/wp-content\/uploads\/2020\/07\/DSC_0352-Pano-5-300x62.jpg 300w, https:\/\/holgersfotoblog.de\/wp-content\/uploads\/2020\/07\/DSC_0352-Pano-5-1024x212.jpg 1024w, https:\/\/holgersfotoblog.de\/wp-content\/uploads\/2020\/07\/DSC_0352-Pano-5-768x159.jpg 768w, https:\/\/holgersfotoblog.de\/wp-content\/uploads\/2020\/07\/DSC_0352-Pano-5-1536x318.jpg 1536w\" sizes=\"auto, (max-width: 1920px) 100vw, 1920px\" \/><\/a><figcaption class=\"blocks-gallery-item__caption\">Blick auf Hornberg vom Turm des Schloss Hornberg, skaliert<\/figcaption><\/figure><\/li><\/ul><\/figure>\n\n\n\n<div class=\"wp-block-file\"><a href=\"https:\/\/holgersfotoblog.de\/wp-content\/uploads\/2020\/07\/DSC_0352-Pano-Benutzerdefiniert.jpg\">Blick auf Hornberg vom Turm des Schloss Hornberg. 30432*6307 px, 13,9 MB<\/a><a href=\"https:\/\/holgersfotoblog.de\/wp-content\/uploads\/2020\/07\/DSC_0352-Pano-Benutzerdefiniert.jpg\" class=\"wp-block-file__button\" download>Herunterladen<\/a><\/div>\n\n\n\n<p>Dieses Bild zeigt die Realit\u00e4t recht gut. Das obere Bild habe ich mit Lightroom und der Funktion &#8222;Kanten f\u00fcllen&#8220; beim Erstellen des Panoramas erzeugt. Hier versucht Lightroom, fehlende Informationen zu erg\u00e4nzen. Und bei mir hat einiges gefehlt. Man kann gut die einzelnen Bilder erkennen. Und auch das Problem: Die Kamera hatte ich beim ersten Bild (links oben) waagrecht mit der Wasserwaage ausgerichtet. Aber nur die Kamera. Das Stativ stand schr\u00e4g auf der Zinne und mit jedem Schwenk bin ich h\u00f6her gewandert. Die Basis war also falsch. Beim Schwenk nach unten f\u00fcr die zweite Reihe ging dann alles daneben. Auch scheint die Anzahl der Bilder pro Reihe nicht gleich zu sein. Wenn ich das Bild so zuschneide, dass ich nur den Bereich habe, f\u00fcr den Bildinformationen vorhanden sind, dann kommt Folgendes dabei heraus:<\/p>\n\n\n\n<figure class=\"wp-block-gallery columns-1 is-cropped wp-block-gallery-4 is-layout-flex wp-block-gallery-is-layout-flex\"><ul class=\"blocks-gallery-grid\"><li class=\"blocks-gallery-item\"><figure><a href=\"https:\/\/holgersfotoblog.de\/wp-content\/uploads\/2020\/07\/DSC_0352-Pano-4-Benutzerdefiniert-2.jpg\"><img loading=\"lazy\" decoding=\"async\" width=\"1920\" height=\"398\" src=\"https:\/\/holgersfotoblog.de\/wp-content\/uploads\/2020\/07\/DSC_0352-Pano-4-Benutzerdefiniert-2.jpg\" alt=\"\" data-id=\"315\" class=\"wp-image-315\" srcset=\"https:\/\/holgersfotoblog.de\/wp-content\/uploads\/2020\/07\/DSC_0352-Pano-4-Benutzerdefiniert-2.jpg 1920w, https:\/\/holgersfotoblog.de\/wp-content\/uploads\/2020\/07\/DSC_0352-Pano-4-Benutzerdefiniert-2-300x62.jpg 300w, https:\/\/holgersfotoblog.de\/wp-content\/uploads\/2020\/07\/DSC_0352-Pano-4-Benutzerdefiniert-2-1024x212.jpg 1024w, https:\/\/holgersfotoblog.de\/wp-content\/uploads\/2020\/07\/DSC_0352-Pano-4-Benutzerdefiniert-2-768x159.jpg 768w, https:\/\/holgersfotoblog.de\/wp-content\/uploads\/2020\/07\/DSC_0352-Pano-4-Benutzerdefiniert-2-1536x318.jpg 1536w\" sizes=\"auto, (max-width: 1920px) 100vw, 1920px\" \/><\/a><figcaption class=\"blocks-gallery-item__caption\">Blick auf Hornberg vom Turm des Schloss Hornberg, klein skaliert<\/figcaption><\/figure><\/li><\/ul><\/figure>\n\n\n\n<div class=\"wp-block-file\"><a href=\"https:\/\/holgersfotoblog.de\/wp-content\/uploads\/2020\/07\/DSC_0352-Pano-4-Benutzerdefiniert.jpg\">Blick auf Hornberg vom Turm des Schloss Hornberg. 22088 * 4578 px, 8,5 MB<\/a><a href=\"https:\/\/holgersfotoblog.de\/wp-content\/uploads\/2020\/07\/DSC_0352-Pano-4-Benutzerdefiniert.jpg\" class=\"wp-block-file__button\" download>Herunterladen<\/a><\/div>\n\n\n\n<p>Warum zeige ich hier diesen Fehlschlag? Ganz einfach: Hier ist so vieles schiefgelaufen, das ich recht einfach h\u00e4tte verhindern k\u00f6nnen. Nur ein Stichwort: Sorgfalt.<\/p>\n\n\n\n<ol class=\"wp-block-list\"><li>Stelle sicher, dass die Schwenkachse waagrecht ist. Eine waagrechte Kamera reicht nicht aus!<\/li><li>Mache pro Reihe gleich viele Bilder!<\/li><li>Sch\u00e4tze nicht den Schwenk, sondern nutze die Gradeinteilung am Stativkopf!<\/li><\/ol>\n\n\n\n<p>Was ich noch anf\u00fcgen will:<\/p>\n\n\n\n<ol class=\"wp-block-list\"><li>Panoramaaufnahmen im Gigapixel-Bereich machen unheimlich Spa\u00df<\/li><li>Panoramaaufnahmen lassen sich auch mit einfacheren Mitteln umsetzen<ol><li>Ein Nodalpunktadapter ist bestimmt eine feine Sache, aber f\u00fcr meine Zwecke \u00fcbertrieben<\/li><li>Lightroom reicht f\u00fcr meine Zwecke vollkommen aus und bietet einen leichten Einstieg in die Thematik.<\/li><\/ol><\/li><\/ol>\n\n\n\n<p>Zu meiner Ehrenrettung noch zwei Panoramen von meinem letzten Trip nach Chicago, die zeigen, was man mit Panoramen alles anstellen kann.<\/p>\n\n\n\n<figure class=\"wp-block-gallery columns-1 is-cropped wp-block-gallery-5 is-layout-flex wp-block-gallery-is-layout-flex\"><ul class=\"blocks-gallery-grid\"><li class=\"blocks-gallery-item\"><figure><a href=\"https:\/\/holgersfotoblog.de\/wp-content\/uploads\/2020\/07\/DSC_0228-HDR-Pano-2.jpg\"><img loading=\"lazy\" decoding=\"async\" width=\"1920\" height=\"698\" src=\"https:\/\/holgersfotoblog.de\/wp-content\/uploads\/2020\/07\/DSC_0228-HDR-Pano-2.jpg\" alt=\"\" data-id=\"318\" data-full-url=\"https:\/\/holgersfotoblog.de\/wp-content\/uploads\/2020\/07\/DSC_0228-HDR-Pano-2.jpg\" data-link=\"https:\/\/holgersfotoblog.de\/?attachment_id=318\" class=\"wp-image-318\" srcset=\"https:\/\/holgersfotoblog.de\/wp-content\/uploads\/2020\/07\/DSC_0228-HDR-Pano-2.jpg 1920w, https:\/\/holgersfotoblog.de\/wp-content\/uploads\/2020\/07\/DSC_0228-HDR-Pano-2-300x109.jpg 300w, https:\/\/holgersfotoblog.de\/wp-content\/uploads\/2020\/07\/DSC_0228-HDR-Pano-2-1024x372.jpg 1024w, https:\/\/holgersfotoblog.de\/wp-content\/uploads\/2020\/07\/DSC_0228-HDR-Pano-2-768x279.jpg 768w, https:\/\/holgersfotoblog.de\/wp-content\/uploads\/2020\/07\/DSC_0228-HDR-Pano-2-1536x558.jpg 1536w\" sizes=\"auto, (max-width: 1920px) 100vw, 1920px\" \/><\/a><figcaption class=\"blocks-gallery-item__caption\">Blick von Norden aus auf die Skyline von Chicago bei Sonnenuntergang.<br>Nikon Kit-Objektiv 18-105mm @ 105mm, f11. Klein skaliert<\/figcaption><\/figure><\/li><li class=\"blocks-gallery-item\"><figure><a href=\"https:\/\/holgersfotoblog.de\/wp-content\/uploads\/2020\/07\/DSC_0037-Pano-2.jpg\"><img loading=\"lazy\" decoding=\"async\" width=\"1920\" height=\"545\" src=\"https:\/\/holgersfotoblog.de\/wp-content\/uploads\/2020\/07\/DSC_0037-Pano-2.jpg\" alt=\"\" data-id=\"317\" data-full-url=\"https:\/\/holgersfotoblog.de\/wp-content\/uploads\/2020\/07\/DSC_0037-Pano-2.jpg\" data-link=\"https:\/\/holgersfotoblog.de\/?attachment_id=317\" class=\"wp-image-317\" srcset=\"https:\/\/holgersfotoblog.de\/wp-content\/uploads\/2020\/07\/DSC_0037-Pano-2.jpg 1920w, https:\/\/holgersfotoblog.de\/wp-content\/uploads\/2020\/07\/DSC_0037-Pano-2-300x85.jpg 300w, https:\/\/holgersfotoblog.de\/wp-content\/uploads\/2020\/07\/DSC_0037-Pano-2-1024x291.jpg 1024w, https:\/\/holgersfotoblog.de\/wp-content\/uploads\/2020\/07\/DSC_0037-Pano-2-768x218.jpg 768w, https:\/\/holgersfotoblog.de\/wp-content\/uploads\/2020\/07\/DSC_0037-Pano-2-1536x436.jpg 1536w\" sizes=\"auto, (max-width: 1920px) 100vw, 1920px\" \/><\/a><figcaption class=\"blocks-gallery-item__caption\">Crown Hall auf dem Campus des Illinois Institute of Technology in Chicago, Illinois. Entworfen von Ludwig Mies van der Rohe.<br>Sigma 20mm @ f5.6. Klein skaliert<\/figcaption><\/figure><\/li><\/ul><\/figure>\n\n\n\n<div class=\"wp-block-file\"><a href=\"https:\/\/holgersfotoblog.de\/wp-content\/uploads\/2020\/07\/DSC_0228-HDR-Pano.jpg\">Blick von Norden aus auf die Skyline von Chicago bei Sonnenuntergang.<br>Nikon Kit-Objektiv 18-105mm @ 105mm, f11<\/a><a href=\"https:\/\/holgersfotoblog.de\/wp-content\/uploads\/2020\/07\/DSC_0228-HDR-Pano.jpg\" class=\"wp-block-file__button\" download>Herunterladen<\/a><\/div>\n\n\n\n<div class=\"wp-block-file\"><a href=\"https:\/\/holgersfotoblog.de\/wp-content\/uploads\/2020\/07\/DSC_0037-Pano.jpg\">Crown Hall auf dem Campus des Illinois Institute of Technology in Chicago, Illinois. Entworfen von Ludwig Mies van der Rohe.<br>Sigma 20mm @ f5.6<\/a><a href=\"https:\/\/holgersfotoblog.de\/wp-content\/uploads\/2020\/07\/DSC_0037-Pano.jpg\" class=\"wp-block-file__button\" download>Herunterladen<\/a><\/div>\n\n\n\n<p>Beide Panoramen zeigen die M\u00f6glichkeiten, die durch meine vergleichsweise einfachen Mittel entstehen. Hier habe ich nur ein Stativ und Lightroom verwendet. Beim Bild der Skyline habe ich sogar &#8222;nur&#8220; mein Kit-Objektiv verwendet, das bei meiner D5300 dabei war. Die Crown Hall habe ich mit meinem Sigma 20mm Weitwinkelobjektiv aufgenommen.<\/p>\n\n\n\n<p>Also worauf wartet ihr? Probiert es einfach mal aus und seid kreativ (und etwas sorgf\u00e4ltiger als ich oben)!<\/p>\n","protected":false},"excerpt":{"rendered":"<p>Fotografie ist f\u00fcr mich die Verbindung von k\u00fcnstlerischem Schaffen und technischer Spielerei. Auf der einen Seite w\u00e4re da dann \u00c4sthetik, Bildsprache, Gestaltung etc. Und auf der anderen Seite w\u00e4ren Werkzeuge wie Photoshop, Focusstacking, HDR etc. Und eben auch Panoramafotografie. Als Panoramafotografie bezeichne ich hier das Aufnehmen mehrerer Bilder und das anschlie\u00dfende Zusammenf\u00fcgen mittels Lightroom, Photoshop, [&hellip;]<\/p>\n","protected":false},"author":1,"featured_media":0,"parent":15,"menu_order":5,"comment_status":"closed","ping_status":"closed","template":"","meta":{"footnotes":""},"class_list":["post-267","page","type-page","status-publish","hentry"],"_links":{"self":[{"href":"https:\/\/holgersfotoblog.de\/index.php?rest_route=\/wp\/v2\/pages\/267","targetHints":{"allow":["GET"]}}],"collection":[{"href":"https:\/\/holgersfotoblog.de\/index.php?rest_route=\/wp\/v2\/pages"}],"about":[{"href":"https:\/\/holgersfotoblog.de\/index.php?rest_route=\/wp\/v2\/types\/page"}],"author":[{"embeddable":true,"href":"https:\/\/holgersfotoblog.de\/index.php?rest_route=\/wp\/v2\/users\/1"}],"replies":[{"embeddable":true,"href":"https:\/\/holgersfotoblog.de\/index.php?rest_route=%2Fwp%2Fv2%2Fcomments&post=267"}],"version-history":[{"count":22,"href":"https:\/\/holgersfotoblog.de\/index.php?rest_route=\/wp\/v2\/pages\/267\/revisions"}],"predecessor-version":[{"id":330,"href":"https:\/\/holgersfotoblog.de\/index.php?rest_route=\/wp\/v2\/pages\/267\/revisions\/330"}],"up":[{"embeddable":true,"href":"https:\/\/holgersfotoblog.de\/index.php?rest_route=\/wp\/v2\/pages\/15"}],"wp:attachment":[{"href":"https:\/\/holgersfotoblog.de\/index.php?rest_route=%2Fwp%2Fv2%2Fmedia&parent=267"}],"curies":[{"name":"wp","href":"https:\/\/api.w.org\/{rel}","templated":true}]}}