{"id":332,"date":"2020-08-09T18:38:14","date_gmt":"2020-08-09T18:38:14","guid":{"rendered":"https:\/\/holgersfotoblog.de\/?page_id=332"},"modified":"2020-08-30T14:06:05","modified_gmt":"2020-08-30T14:06:05","slug":"die-belichtung","status":"publish","type":"page","link":"https:\/\/holgersfotoblog.de\/?page_id=332","title":{"rendered":"Die Belichtung"},"content":{"rendered":"\n<p>Was machen wir eigentlich beim Fotografieren? Klar, wir suchen uns h\u00fcbsche Dinge, \u00fcberlegen uns einen sch\u00f6nen Blickwinkel, stellen noch Brennweite, ISO, Blende etc. ein und dr\u00fccken auf den Ausl\u00f6ser. Aber was machen wir eigentlich? Wir fangen Licht ein. Also die Kamera f\u00e4ngt das Licht ein und wandelt es in ein Bild um. Und wir stellen das Bild dann auf Instagram. Aber woher wei\u00df denn die Kamera, wieviel Licht ben\u00f6tigt wird? Diese Frage gehe ich hier an, wobei ich die technischen Details ignoriere und mich auf die Relevanz f\u00fcr uns Fotografen fokussiere.<\/p>\n\n\n\n<h2 class=\"wp-block-heading\">Einstellungen an der Kamera<\/h2>\n\n\n\n<p>Die Menge an Licht ist von drei Gr\u00f6\u00dfen abh\u00e4ngig: Der Blende, der Belichtungszeit und der Empfindlichkeit (ISO). Alle drei Gr\u00f6\u00dfen f\u00fchren eine Dreiecksbeziehung. Wenn ich eine Gr\u00f6\u00dfe ver\u00e4ndere, dann kann bzw. muss ich eine andere Gr\u00f6\u00dfe ebenfalls ver\u00e4ndern, damit die Lichtmenge gleich bleibt und das Bilder weder heller noch dunkler wird. Wenn ich die Belichtungszeit verdopple, dann kann ich die ISO halbieren. Wenn ich die Blende um eine ganze Blende \u00f6ffne, dann kann ich die Belichtungszeit halbieren. Die Blende hat n\u00e4herungsweise das Verh\u00e4ltnis 1:1,4. Von 1.4 geht es zu 2, dann zu 2.4 und zu 5.6. Dann Blende 8, 11, 16 und 22. Es sind aber auch noch Zwischenstufen m\u00f6glich, dann d\u00fcrfen andere Werte aber nicht verdoppelt oder halbiert werden. Damit wir uns auf das Motiv konzentrieren k\u00f6nnen, bieten uns Kameras im Normalfall die Modi A, S, P und M an (bezogen auf Nikon).<\/p>\n\n\n\n<h4 class=\"wp-block-heading\">Modus A: Zeitautomatik<\/h4>\n\n\n\n<p>In diesem Modus stellt der Fotograf die Blende ein und die Kamera berechnet die optimale Belichtungszeit. Hier hat man volle Kontrolle \u00fcber den Sch\u00e4rfeverlauf als Gestaltungsmittel.<\/p>\n\n\n\n<h4 class=\"wp-block-heading\">Modus S: Blendenautomatik<\/h4>\n\n\n\n<p>In diesem Modus stellt der Fotograf die Belichtungszeit ein und die Kamera berechnet die optimale Blende. Hier hat man volle Kontrolle \u00fcber die Darstellung einer Bewegung. Soll sie flie\u00dfend sein? Oder eingefroren? Daf\u00fcr ist der Modus S super.<\/p>\n\n\n\n<h4 class=\"wp-block-heading\">Modus P: Vollautomatik<\/h4>\n\n\n\n<p>In diesem Modus stellt der Fotograf gar nichts ein. Die Kamera w\u00e4hlt die Blende und die Belichtungszeit selbstst\u00e4ndig. Der Fotograf hat fast keine Kontrolle \u00fcber Blende und Belichtungszeit. Hier ist lediglich<em> Program Shift<\/em> m\u00f6glich. Der Modus ist f\u00fcr Schnappsch\u00fcsse super. <\/p>\n\n\n\n<h4 class=\"wp-block-heading\">Modus M: Der Manuelle<\/h4>\n\n\n\n<p>In diesem Modus stellt der Fotograf Blende und Belichtungszeit ein. Entsprechend gibt es hier die volle Kontrolle. Wenn sich die Lichtverh\u00e4ltnisse nicht \u00e4ndern und alle Bilder denselben Look haben sollen, dann ist dieser Modus perfekt. In diesem Modus ist trotzdem der Belichtungsmesser der Kamera aktiv und Zeit auf der Belichtungsskala an, ob die Aufnahme (laut Kamera) unter- oder \u00fcberbelichtet ist. <\/p>\n\n\n\n<h2 class=\"wp-block-heading\">Und jetzt?<\/h2>\n\n\n\n<p>Woher wei\u00df die Kamera, wieviel Licht f\u00fcr eine gute Belichtung ausreichend ist? Ein Beispiel: Ich stelle die Kamera auf A, die Blende auf 8 und dr\u00fccke ab. Die Kamera macht ein Bild mit 1\/30s Belichtungszeit. Aber warum? Die Belichtungsmessung der Kamera geht davon aus, dass jede Szene 18% des Lichts reflektiert, was einem mittleren Grau entspricht. Diesen Wert erwartet die Kamera und wenn zu viel oder zu wenig Licht da ist, wird entweder die Belichtungszeit oder Blende (A und S) bzw. nichts (M) oder beides (P) ge\u00e4ndert. Und jetzt kommt der Fotograf ins Spiel. Eine dunkle Szene wird die Kamera in A, S und P immer anders wahrnehmen als der Fotograf mit seinen Augen. Der Fotograf denkt sich folgendes: Es ist dunkel, da kann ich nichts machen. Die Kamera denkt sich: Es ist dunkel (=weniger als 18% reflektiertes Licht). Ich schaue l\u00e4nger hin (= l\u00e4ngere Belichtungszeit). Die Kamera wird die Einstellungen so w\u00e4hlen, dass die Szene zu hell ist bzw. nicht der Wahrnehmung des Fotografen entspricht. Hier muss man der Kamera unter die Arme greifen und eine Korrektur vornehmen. Es gibt mehrere Ansatzpunkte:<\/p>\n\n\n\n<ol class=\"wp-block-list\"><li>Belichtungskorrektur<\/li><li>Auswahl eines anderen Messmodus (Matrix, Spot, Mittenbetont etc.)<\/li><\/ol>\n\n\n\n<p>Bei der Belichtungskorrektur wird der freie Parameter (A: Belichtungszeit, S: Blende) abweichend von der Meinung der Kamera ver\u00e4ndert, w\u00e4hrend ein anderer Messmodus die Messgrundlage ver\u00e4ndert.<\/p>\n\n\n\n<h4 class=\"wp-block-heading\">Die Belichtungskorrektur<\/h4>\n\n\n\n<p>Im Folgenden zeige ich anhand eines Beispiels den Einfluss der Belichtungskorrektur auf eine Szene. Beide Bilder entstanden bei einsetzendender D\u00e4mmerung in der Wilhelma Stuttgart. Das linke Bilde entspricht der Belichtung, die die Kamera gew\u00e4hlt hat. Das Bild ist zu hell und entspricht nicht meinem Wahrnehmungseindruck. Beim rechten Bild habe ich die Belichtung um einen Lichtwert reduziert. Die Kamera hat ein Bild produziert, das meiner Wahrnehmung in dieser Situation entspricht (obwohl die Kamera das Bild f\u00fcr unterbelichtet h\u00e4lt), indem sie die Belichtungszeit von 1\/60s auf 1\/160s reduziert hat.<\/p>\n\n\n\n<figure class=\"wp-block-gallery columns-2 is-cropped wp-block-gallery-1 is-layout-flex wp-block-gallery-is-layout-flex\"><ul class=\"blocks-gallery-grid\"><li class=\"blocks-gallery-item\"><figure><img loading=\"lazy\" decoding=\"async\" width=\"1024\" height=\"683\" src=\"https:\/\/holgersfotoblog.de\/wp-content\/uploads\/2020\/08\/DSC_0822-1024x683.jpg\" alt=\"\" data-id=\"345\" data-full-url=\"https:\/\/holgersfotoblog.de\/wp-content\/uploads\/2020\/08\/DSC_0822-scaled.jpg\" data-link=\"https:\/\/holgersfotoblog.de\/?attachment_id=345\" class=\"wp-image-345\" srcset=\"https:\/\/holgersfotoblog.de\/wp-content\/uploads\/2020\/08\/DSC_0822-1024x683.jpg 1024w, https:\/\/holgersfotoblog.de\/wp-content\/uploads\/2020\/08\/DSC_0822-300x200.jpg 300w, https:\/\/holgersfotoblog.de\/wp-content\/uploads\/2020\/08\/DSC_0822-768x512.jpg 768w, https:\/\/holgersfotoblog.de\/wp-content\/uploads\/2020\/08\/DSC_0822-2048x1365.jpg 2048w\" sizes=\"auto, (max-width: 1024px) 100vw, 1024px\" \/><figcaption class=\"blocks-gallery-item__caption\">Modus A, 1\/60s; f4, ISO 200 @200mm. Unkorrigierte  Messung der Kamera (D5300), Matrixmessung<\/figcaption><\/figure><\/li><li class=\"blocks-gallery-item\"><figure><img loading=\"lazy\" decoding=\"async\" width=\"1024\" height=\"683\" src=\"https:\/\/holgersfotoblog.de\/wp-content\/uploads\/2020\/08\/DSC_0823-1024x683.jpg\" alt=\"\" data-id=\"346\" data-full-url=\"https:\/\/holgersfotoblog.de\/wp-content\/uploads\/2020\/08\/DSC_0823-scaled.jpg\" data-link=\"https:\/\/holgersfotoblog.de\/?attachment_id=346\" class=\"wp-image-346\" srcset=\"https:\/\/holgersfotoblog.de\/wp-content\/uploads\/2020\/08\/DSC_0823-1024x683.jpg 1024w, https:\/\/holgersfotoblog.de\/wp-content\/uploads\/2020\/08\/DSC_0823-300x200.jpg 300w, https:\/\/holgersfotoblog.de\/wp-content\/uploads\/2020\/08\/DSC_0823-768x512.jpg 768w, https:\/\/holgersfotoblog.de\/wp-content\/uploads\/2020\/08\/DSC_0823-2048x1365.jpg 2048w\" sizes=\"auto, (max-width: 1024px) 100vw, 1024px\" \/><figcaption class=\"blocks-gallery-item__caption\">Modus A, 1\/160s; f4, ISO 200 @200mm. Korrigierte Messung der Kamera (D5300), Matrixmessung<\/figcaption><\/figure><\/li><\/ul><figcaption class=\"blocks-gallery-caption\">Aufnahmeort: Wilhelma Stuttgart<\/figcaption><\/figure>\n\n\n\n<h4 class=\"wp-block-heading\">Der Messmodus<\/h4>\n\n\n\n<p>Der Messmodus ver\u00e4ndert die Datengrundlage der Kamera. Bei der Matrixmessung wird das komplette Bild gemessen. Sofern keine harten Kontraste vorhanden sind, funktioniert das meistens sehr gut. Bei der Spotmessung wird die Helligkeit dort gemessen, wo der Fokuspunkt liegt. F\u00fcr kontrastreiche Szenen eine gute Wahl. Die Mittenmessung misst die Belichtung mit Betonung der Bildmitte. Unabh\u00e4ngig von Fokuspunkt etc. <\/p>\n\n\n\n<figure class=\"wp-block-gallery columns-2 is-cropped wp-block-gallery-2 is-layout-flex wp-block-gallery-is-layout-flex\"><ul class=\"blocks-gallery-grid\"><li class=\"blocks-gallery-item\"><figure><img loading=\"lazy\" decoding=\"async\" width=\"1024\" height=\"683\" src=\"https:\/\/holgersfotoblog.de\/wp-content\/uploads\/2020\/08\/DSC_0466-1024x683.jpg\" alt=\"\" data-id=\"336\" data-full-url=\"https:\/\/holgersfotoblog.de\/wp-content\/uploads\/2020\/08\/DSC_0466.jpg\" data-link=\"https:\/\/holgersfotoblog.de\/?attachment_id=336\" class=\"wp-image-336\" srcset=\"https:\/\/holgersfotoblog.de\/wp-content\/uploads\/2020\/08\/DSC_0466-1024x683.jpg 1024w, https:\/\/holgersfotoblog.de\/wp-content\/uploads\/2020\/08\/DSC_0466-300x200.jpg 300w, https:\/\/holgersfotoblog.de\/wp-content\/uploads\/2020\/08\/DSC_0466-768x512.jpg 768w, https:\/\/holgersfotoblog.de\/wp-content\/uploads\/2020\/08\/DSC_0466-1536x1024.jpg 1536w, https:\/\/holgersfotoblog.de\/wp-content\/uploads\/2020\/08\/DSC_0466.jpg 1920w\" sizes=\"auto, (max-width: 1024px) 100vw, 1024px\" \/><figcaption class=\"blocks-gallery-item__caption\">Spotmessung<\/figcaption><\/figure><\/li><li class=\"blocks-gallery-item\"><figure><img loading=\"lazy\" decoding=\"async\" width=\"1024\" height=\"683\" src=\"https:\/\/holgersfotoblog.de\/wp-content\/uploads\/2020\/08\/DSC_0879-1024x683.jpg\" alt=\"\" data-id=\"337\" data-full-url=\"https:\/\/holgersfotoblog.de\/wp-content\/uploads\/2020\/08\/DSC_0879.jpg\" data-link=\"https:\/\/holgersfotoblog.de\/?attachment_id=337\" class=\"wp-image-337\" srcset=\"https:\/\/holgersfotoblog.de\/wp-content\/uploads\/2020\/08\/DSC_0879-1024x683.jpg 1024w, https:\/\/holgersfotoblog.de\/wp-content\/uploads\/2020\/08\/DSC_0879-300x200.jpg 300w, https:\/\/holgersfotoblog.de\/wp-content\/uploads\/2020\/08\/DSC_0879-768x512.jpg 768w, https:\/\/holgersfotoblog.de\/wp-content\/uploads\/2020\/08\/DSC_0879-1536x1024.jpg 1536w, https:\/\/holgersfotoblog.de\/wp-content\/uploads\/2020\/08\/DSC_0879.jpg 1920w\" sizes=\"auto, (max-width: 1024px) 100vw, 1024px\" \/><figcaption class=\"blocks-gallery-item__caption\">Mittenbetonte Messung<\/figcaption><\/figure><\/li><\/ul><figcaption class=\"blocks-gallery-caption\">Aufnahmeort: Wilhelma Stuttgart<\/figcaption><\/figure>\n\n\n\n<p>Im linken Bild habe ich die Spotmessung verwendet und auf die Bl\u00fctenmitte fokussiert. Die Szene ist sehr hell. Bei Matrixmessung w\u00e4re die Szene deutlich dunkler geworden. Im rechten Bild habe ich die mittenbetonte Messung genommen. (Wahrscheinlich ein Versehen, da ich diese Messung fast nie verwende.) <\/p>\n\n\n\n<p>In den folgenden Bildern habe ich in der gleichen Szene alle drei Messmodi ausprobiert. Mich hat \u00fcberrascht, dass alle Bilder trotz ver\u00e4nderter Messmethoden sehr \u00e4hnlich sind. Lediglich bei der mittenbetonten Messung hat die Kamera 1\/500s statt 1\/400s wie bei den anderen Bildern angesetzt. <\/p>\n\n\n\n<figure class=\"wp-block-gallery columns-3 is-cropped wp-block-gallery-3 is-layout-flex wp-block-gallery-is-layout-flex\"><ul class=\"blocks-gallery-grid\"><li class=\"blocks-gallery-item\"><figure><img loading=\"lazy\" decoding=\"async\" width=\"1024\" height=\"683\" src=\"https:\/\/holgersfotoblog.de\/wp-content\/uploads\/2020\/08\/DSC_0851-1024x683.jpg\" alt=\"\" data-id=\"347\" data-full-url=\"https:\/\/holgersfotoblog.de\/wp-content\/uploads\/2020\/08\/DSC_0851-scaled.jpg\" data-link=\"https:\/\/holgersfotoblog.de\/?attachment_id=347\" class=\"wp-image-347\" srcset=\"https:\/\/holgersfotoblog.de\/wp-content\/uploads\/2020\/08\/DSC_0851-1024x683.jpg 1024w, https:\/\/holgersfotoblog.de\/wp-content\/uploads\/2020\/08\/DSC_0851-300x200.jpg 300w, https:\/\/holgersfotoblog.de\/wp-content\/uploads\/2020\/08\/DSC_0851-768x512.jpg 768w, https:\/\/holgersfotoblog.de\/wp-content\/uploads\/2020\/08\/DSC_0851-2048x1365.jpg 2048w\" sizes=\"auto, (max-width: 1024px) 100vw, 1024px\" \/><figcaption class=\"blocks-gallery-item__caption\">Mehrfeldmessung, 1\/400s, f2,8 @ 200mm<\/figcaption><\/figure><\/li><li class=\"blocks-gallery-item\"><figure><img loading=\"lazy\" decoding=\"async\" width=\"1024\" height=\"683\" src=\"https:\/\/holgersfotoblog.de\/wp-content\/uploads\/2020\/08\/DSC_0857-1024x683.jpg\" alt=\"\" data-id=\"349\" data-full-url=\"https:\/\/holgersfotoblog.de\/wp-content\/uploads\/2020\/08\/DSC_0857-scaled.jpg\" data-link=\"https:\/\/holgersfotoblog.de\/?attachment_id=349\" class=\"wp-image-349\" srcset=\"https:\/\/holgersfotoblog.de\/wp-content\/uploads\/2020\/08\/DSC_0857-1024x683.jpg 1024w, https:\/\/holgersfotoblog.de\/wp-content\/uploads\/2020\/08\/DSC_0857-300x200.jpg 300w, https:\/\/holgersfotoblog.de\/wp-content\/uploads\/2020\/08\/DSC_0857-768x512.jpg 768w, https:\/\/holgersfotoblog.de\/wp-content\/uploads\/2020\/08\/DSC_0857-2048x1365.jpg 2048w\" sizes=\"auto, (max-width: 1024px) 100vw, 1024px\" \/><figcaption class=\"blocks-gallery-item__caption\">Mittenbetonte Messung, 1\/500s, f2,8 @ 200mm<\/figcaption><\/figure><\/li><li class=\"blocks-gallery-item\"><figure><img loading=\"lazy\" decoding=\"async\" width=\"2560\" height=\"1707\" src=\"https:\/\/holgersfotoblog.de\/wp-content\/uploads\/2020\/08\/DSC_0854-scaled.jpg\" alt=\"\" data-id=\"348\" data-full-url=\"https:\/\/holgersfotoblog.de\/wp-content\/uploads\/2020\/08\/DSC_0854-scaled.jpg\" data-link=\"https:\/\/holgersfotoblog.de\/?attachment_id=348\" class=\"wp-image-348\" srcset=\"https:\/\/holgersfotoblog.de\/wp-content\/uploads\/2020\/08\/DSC_0854-scaled.jpg 2560w, https:\/\/holgersfotoblog.de\/wp-content\/uploads\/2020\/08\/DSC_0854-300x200.jpg 300w, https:\/\/holgersfotoblog.de\/wp-content\/uploads\/2020\/08\/DSC_0854-768x512.jpg 768w, https:\/\/holgersfotoblog.de\/wp-content\/uploads\/2020\/08\/DSC_0854-2048x1365.jpg 2048w\" sizes=\"auto, (max-width: 2560px) 100vw, 2560px\" \/><figcaption class=\"blocks-gallery-item__caption\">Einzelpunktmessung auf den Jungflamingo 1\/400s, f2,8 @ 200mm<\/figcaption><\/figure><\/li><\/ul><figcaption class=\"blocks-gallery-caption\">Aufnahmeort: Wilhelma Stuttgart<\/figcaption><\/figure>\n\n\n\n<h4 class=\"wp-block-heading\">Das Histogramm<\/h4>\n\n\n\n<p>Um die Belichtung zu beurteilen gibt es h\u00e4ufig den Tipp, dass man sich das Histogramm eines Bildes anschauen soll. Ein Histogramm ist eine H\u00e4ufigkeitsverteilung von Werten. In der Fotografie wird die H\u00e4ufigkeit von dunklen und hellen Farbwerten angegeben. Die Idee ist, dass das Histogramm eines gut belichteten Bildes wie ein Berg aussieht. In der Mitte der Gipfel und Ausl\u00e4ufer an die R\u00e4nder. Also weder komplett schwarze noch komplett weise Werte aufweist. Das vernachl\u00e4ssigt aber komplett den Bildinhalt. Wie im oberen bei den Pinguinen. Die sind halt schwarz und weis &#8230; unabh\u00e4ngig von der Belichtung. Die linke Szene ist sehr hell. Die Blume ist weis und der Hintergrund ist auch eher hell. <\/p>\n\n\n\n<figure class=\"wp-block-gallery columns-2 is-cropped wp-block-gallery-4 is-layout-flex wp-block-gallery-is-layout-flex\"><ul class=\"blocks-gallery-grid\"><li class=\"blocks-gallery-item\"><figure><img loading=\"lazy\" decoding=\"async\" width=\"1024\" height=\"576\" src=\"https:\/\/holgersfotoblog.de\/wp-content\/uploads\/2020\/08\/histogram-hell2-1024x576.jpg\" alt=\"\" data-id=\"339\" data-link=\"https:\/\/holgersfotoblog.de\/?attachment_id=339\" class=\"wp-image-339\" srcset=\"https:\/\/holgersfotoblog.de\/wp-content\/uploads\/2020\/08\/histogram-hell2-1024x576.jpg 1024w, https:\/\/holgersfotoblog.de\/wp-content\/uploads\/2020\/08\/histogram-hell2-300x169.jpg 300w, https:\/\/holgersfotoblog.de\/wp-content\/uploads\/2020\/08\/histogram-hell2-768x432.jpg 768w, https:\/\/holgersfotoblog.de\/wp-content\/uploads\/2020\/08\/histogram-hell2-1536x864.jpg 1536w, https:\/\/holgersfotoblog.de\/wp-content\/uploads\/2020\/08\/histogram-hell2.jpg 1591w\" sizes=\"auto, (max-width: 1024px) 100vw, 1024px\" \/><figcaption class=\"blocks-gallery-item__caption\">Rechtsteile Verteilung<\/figcaption><\/figure><\/li><li class=\"blocks-gallery-item\"><figure><img loading=\"lazy\" decoding=\"async\" width=\"1024\" height=\"576\" src=\"https:\/\/holgersfotoblog.de\/wp-content\/uploads\/2020\/08\/histigram-gipfel-dunkel-1024x576.jpg\" alt=\"\" data-id=\"340\" data-full-url=\"https:\/\/holgersfotoblog.de\/wp-content\/uploads\/2020\/08\/histigram-gipfel-dunkel.jpg\" data-link=\"https:\/\/holgersfotoblog.de\/?attachment_id=340\" class=\"wp-image-340\" srcset=\"https:\/\/holgersfotoblog.de\/wp-content\/uploads\/2020\/08\/histigram-gipfel-dunkel-1024x576.jpg 1024w, https:\/\/holgersfotoblog.de\/wp-content\/uploads\/2020\/08\/histigram-gipfel-dunkel-300x169.jpg 300w, https:\/\/holgersfotoblog.de\/wp-content\/uploads\/2020\/08\/histigram-gipfel-dunkel-768x432.jpg 768w, https:\/\/holgersfotoblog.de\/wp-content\/uploads\/2020\/08\/histigram-gipfel-dunkel-1536x864.jpg 1536w, https:\/\/holgersfotoblog.de\/wp-content\/uploads\/2020\/08\/histigram-gipfel-dunkel.jpg 1583w\" sizes=\"auto, (max-width: 1024px) 100vw, 1024px\" \/><figcaption class=\"blocks-gallery-item__caption\">Dominante Verteilung dunkler Werte<\/figcaption><\/figure><\/li><\/ul><figcaption class=\"blocks-gallery-caption\">Aufnahmeort Wilhelma Stuttgart, Screenshot bei Bearbeitung<\/figcaption><\/figure>\n\n\n\n<p>In beiden F\u00e4llen w\u00e4re nach der Faustregel das Bild nicht gut belichtet.<\/p>\n\n\n\n<p>Wenn auf die Belichtungsmessung der Kamera zur\u00fcckgreift, dann gibt es (mindestens) drei Situationen, an denen die Bilder falsch belichtet werden.<\/p>\n\n\n\n<ol class=\"wp-block-list\"><li>Die Szene ist hell. Das Bild wird zu dunkel. Das ist der Fall bei Fotos im Schnee oder an einem hellen Sandstrand.<\/li><li>Die Szene ist dunkel. Das Bild zu hell. Das ist der Fall bei Fotos bei Nacht oder D\u00e4mmerung. Die Kamera will das fehlende Licht ausgleichen.<\/li><li>Das Motiv ist hell oder dunkel. Hier gelten im Prinzip die Punkte 1 und 2. Aber es kann zu interessanten Interaktionen kommen. <\/li><\/ol>\n\n\n\n<p>Alle Probleme k\u00f6nnen korrigiert werden. Entweder durch die Belichtungskorrektur, einen anderen Messmodus oder den Wechsel in den Modus M und damit Anpassung aller Werte und etwas Trial and Error. Man muss nur wissen, wo das Problem liegt. Und das liegt daran, dass die Kamera davon ausgeht, dass jede Szene ein mittleres Grau ist &#8230; was Gott sei dank nicht der Fall ist.<\/p>\n\n\n\n<p>Probiert doch mal Folgendes aus: Fotografiert in A oder S formatf\u00fcllend eine weise Wand, ein Blatt Papier etc. Das Bild wird grau. Oder etwas schwarzes. Das Bild wird grau.<\/p>\n","protected":false},"excerpt":{"rendered":"<p>Was machen wir eigentlich beim Fotografieren? Klar, wir suchen uns h\u00fcbsche Dinge, \u00fcberlegen uns einen sch\u00f6nen Blickwinkel, stellen noch Brennweite, ISO, Blende etc. ein und dr\u00fccken auf den Ausl\u00f6ser. Aber was machen wir eigentlich? Wir fangen Licht ein. Also die Kamera f\u00e4ngt das Licht ein und wandelt es in ein Bild um. Und wir stellen [&hellip;]<\/p>\n","protected":false},"author":1,"featured_media":0,"parent":237,"menu_order":2,"comment_status":"closed","ping_status":"closed","template":"","meta":{"footnotes":""},"class_list":["post-332","page","type-page","status-publish","hentry"],"_links":{"self":[{"href":"https:\/\/holgersfotoblog.de\/index.php?rest_route=\/wp\/v2\/pages\/332","targetHints":{"allow":["GET"]}}],"collection":[{"href":"https:\/\/holgersfotoblog.de\/index.php?rest_route=\/wp\/v2\/pages"}],"about":[{"href":"https:\/\/holgersfotoblog.de\/index.php?rest_route=\/wp\/v2\/types\/page"}],"author":[{"embeddable":true,"href":"https:\/\/holgersfotoblog.de\/index.php?rest_route=\/wp\/v2\/users\/1"}],"replies":[{"embeddable":true,"href":"https:\/\/holgersfotoblog.de\/index.php?rest_route=%2Fwp%2Fv2%2Fcomments&post=332"}],"version-history":[{"count":4,"href":"https:\/\/holgersfotoblog.de\/index.php?rest_route=\/wp\/v2\/pages\/332\/revisions"}],"predecessor-version":[{"id":354,"href":"https:\/\/holgersfotoblog.de\/index.php?rest_route=\/wp\/v2\/pages\/332\/revisions\/354"}],"up":[{"embeddable":true,"href":"https:\/\/holgersfotoblog.de\/index.php?rest_route=\/wp\/v2\/pages\/237"}],"wp:attachment":[{"href":"https:\/\/holgersfotoblog.de\/index.php?rest_route=%2Fwp%2Fv2%2Fmedia&parent=332"}],"curies":[{"name":"wp","href":"https:\/\/api.w.org\/{rel}","templated":true}]}}