{"id":355,"date":"2020-08-30T14:07:25","date_gmt":"2020-08-30T14:07:25","guid":{"rendered":"https:\/\/holgersfotoblog.de\/?page_id=355"},"modified":"2020-08-30T17:02:51","modified_gmt":"2020-08-30T17:02:51","slug":"bildgestaltung","status":"publish","type":"page","link":"https:\/\/holgersfotoblog.de\/?page_id=355","title":{"rendered":"Bildgestaltung"},"content":{"rendered":"\n<p>Die Bildgestaltung im Sinne der Motivplatzierung ist ein Kernaspekt der Fotografie. Die g\u00e4ngige Aussage ist, dass man das Motiv nicht mittig platzieren soll, sondern es anhand des Goldenen Schnitts ca. auf den Linien positioniert, die das Bild dritteln. <\/p>\n\n\n\n<p>Bei einem Kurzausflug in die Wilhelma Stuttgart habe ich etwas mit der Bildgestaltung in Kombination vom Pflanzen und Kakteen gespielt und zeige hier ein paar Bilder. Die Bilder habe ich mittels Lightroom bearbeitet und dabei den Bildausschnitt angepasst und die eine automatische Tonwertanpassung durchgef\u00fchrt. Also eher quick and dirty als ausgefeilt und perfekt. Ich zeige dabei immer das Originalbild und den angepassten Bildausschnitt zum Vergleich. Alle Bilder sind in der Wilhelma Stuttgart im Kakteenhaus entstanden und  zeigen &#8222;Schwiegermuttersessel&#8220; (Echinocactus grusonii). Hier hatte ich das Gl\u00fcck, dass einige sogar Bl\u00fcten trugen.<\/p>\n\n\n\n<figure class=\"wp-block-gallery columns-2 is-cropped wp-block-gallery-1 is-layout-flex wp-block-gallery-is-layout-flex\"><ul class=\"blocks-gallery-grid\"><li class=\"blocks-gallery-item\"><figure><a href=\"https:\/\/holgersfotoblog.de\/wp-content\/uploads\/2020\/08\/DSC_0776-scaled.jpg\"><img loading=\"lazy\" decoding=\"async\" width=\"300\" height=\"200\" src=\"https:\/\/holgersfotoblog.de\/wp-content\/uploads\/2020\/08\/DSC_0776-300x200.jpg\" alt=\"\" data-id=\"360\" data-full-url=\"https:\/\/holgersfotoblog.de\/wp-content\/uploads\/2020\/08\/DSC_0776-scaled.jpg\" data-link=\"https:\/\/holgersfotoblog.de\/?attachment_id=360\" class=\"wp-image-360\" srcset=\"https:\/\/holgersfotoblog.de\/wp-content\/uploads\/2020\/08\/DSC_0776-300x200.jpg 300w, https:\/\/holgersfotoblog.de\/wp-content\/uploads\/2020\/08\/DSC_0776-1024x683.jpg 1024w, https:\/\/holgersfotoblog.de\/wp-content\/uploads\/2020\/08\/DSC_0776-768x512.jpg 768w, https:\/\/holgersfotoblog.de\/wp-content\/uploads\/2020\/08\/DSC_0776-2048x1365.jpg 2048w\" sizes=\"auto, (max-width: 300px) 100vw, 300px\" \/><\/a><\/figure><\/li><li class=\"blocks-gallery-item\"><figure><a href=\"https:\/\/holgersfotoblog.de\/wp-content\/uploads\/2020\/08\/DSC_0776-2-scaled.jpg\"><img loading=\"lazy\" decoding=\"async\" width=\"300\" height=\"200\" src=\"https:\/\/holgersfotoblog.de\/wp-content\/uploads\/2020\/08\/DSC_0776-2-300x200.jpg\" alt=\"\" data-id=\"361\" data-full-url=\"https:\/\/holgersfotoblog.de\/wp-content\/uploads\/2020\/08\/DSC_0776-2-scaled.jpg\" data-link=\"https:\/\/holgersfotoblog.de\/?attachment_id=361\" class=\"wp-image-361\" srcset=\"https:\/\/holgersfotoblog.de\/wp-content\/uploads\/2020\/08\/DSC_0776-2-300x200.jpg 300w, https:\/\/holgersfotoblog.de\/wp-content\/uploads\/2020\/08\/DSC_0776-2-1024x683.jpg 1024w, https:\/\/holgersfotoblog.de\/wp-content\/uploads\/2020\/08\/DSC_0776-2-768x512.jpg 768w\" sizes=\"auto, (max-width: 300px) 100vw, 300px\" \/><\/a><\/figure><\/li><\/ul><figcaption class=\"blocks-gallery-caption\">Aufnahmeort: Wilhelma Stuttgart<\/figcaption><\/figure>\n\n\n\n<p>Hier habe ich bei der Bildbearbeitung die Bl\u00fcte durch Zuschneiden auf den Schnittpunkt zweier Drittellinien gelegt.<\/p>\n\n\n\n<figure class=\"wp-block-gallery columns-2 is-cropped wp-block-gallery-2 is-layout-flex wp-block-gallery-is-layout-flex\"><ul class=\"blocks-gallery-grid\"><li class=\"blocks-gallery-item\"><figure><a href=\"https:\/\/holgersfotoblog.de\/wp-content\/uploads\/2020\/08\/DSC_0774-scaled.jpg\"><img loading=\"lazy\" decoding=\"async\" width=\"2560\" height=\"1707\" src=\"https:\/\/holgersfotoblog.de\/wp-content\/uploads\/2020\/08\/DSC_0774-scaled.jpg\" alt=\"\" data-id=\"362\" data-full-url=\"https:\/\/holgersfotoblog.de\/wp-content\/uploads\/2020\/08\/DSC_0774-scaled.jpg\" data-link=\"https:\/\/holgersfotoblog.de\/?attachment_id=362\" class=\"wp-image-362\" srcset=\"https:\/\/holgersfotoblog.de\/wp-content\/uploads\/2020\/08\/DSC_0774-scaled.jpg 2560w, https:\/\/holgersfotoblog.de\/wp-content\/uploads\/2020\/08\/DSC_0774-300x200.jpg 300w, https:\/\/holgersfotoblog.de\/wp-content\/uploads\/2020\/08\/DSC_0774-768x512.jpg 768w\" sizes=\"auto, (max-width: 2560px) 100vw, 2560px\" \/><\/a><\/figure><\/li><li class=\"blocks-gallery-item\"><figure><a href=\"https:\/\/holgersfotoblog.de\/wp-content\/uploads\/2020\/08\/DSC_0774-2.jpg\"><img loading=\"lazy\" decoding=\"async\" width=\"6000\" height=\"4000\" src=\"https:\/\/holgersfotoblog.de\/wp-content\/uploads\/2020\/08\/DSC_0774-2.jpg\" alt=\"\" data-id=\"364\" data-full-url=\"https:\/\/holgersfotoblog.de\/wp-content\/uploads\/2020\/08\/DSC_0774-2.jpg\" data-link=\"https:\/\/holgersfotoblog.de\/?attachment_id=364\" class=\"wp-image-364\" srcset=\"https:\/\/holgersfotoblog.de\/wp-content\/uploads\/2020\/08\/DSC_0774-2.jpg 6000w, https:\/\/holgersfotoblog.de\/wp-content\/uploads\/2020\/08\/DSC_0774-2-300x200.jpg 300w\" sizes=\"auto, (max-width: 6000px) 100vw, 6000px\" \/><\/a><\/figure><\/li><\/ul><figcaption class=\"blocks-gallery-caption\">Aufnahmeort: Wilhelma Stuttgart<\/figcaption><\/figure>\n\n\n\n<p>Das obige Vorgehen habe ich auch angewendet. So ist auch die Bl\u00fcte nochmal vergr\u00f6\u00dfert und pr\u00e4senter.<\/p>\n\n\n\n<figure class=\"wp-block-gallery columns-2 is-cropped wp-block-gallery-3 is-layout-flex wp-block-gallery-is-layout-flex\"><ul class=\"blocks-gallery-grid\"><li class=\"blocks-gallery-item\"><figure><a href=\"https:\/\/holgersfotoblog.de\/wp-content\/uploads\/2020\/08\/DSC_0775-scaled.jpg\"><img loading=\"lazy\" decoding=\"async\" width=\"300\" height=\"300\" src=\"https:\/\/holgersfotoblog.de\/wp-content\/uploads\/2020\/08\/DSC_0775-300x300.jpg\" alt=\"\" data-id=\"363\" data-full-url=\"https:\/\/holgersfotoblog.de\/wp-content\/uploads\/2020\/08\/DSC_0775-scaled.jpg\" data-link=\"https:\/\/holgersfotoblog.de\/?attachment_id=363\" class=\"wp-image-363\" srcset=\"https:\/\/holgersfotoblog.de\/wp-content\/uploads\/2020\/08\/DSC_0775-300x300.jpg 300w, https:\/\/holgersfotoblog.de\/wp-content\/uploads\/2020\/08\/DSC_0775-150x150.jpg 150w, https:\/\/holgersfotoblog.de\/wp-content\/uploads\/2020\/08\/DSC_0775-1536x1536.jpg 1536w, https:\/\/holgersfotoblog.de\/wp-content\/uploads\/2020\/08\/DSC_0775-2048x2048.jpg 2048w\" sizes=\"auto, (max-width: 300px) 100vw, 300px\" \/><\/a><\/figure><\/li><li class=\"blocks-gallery-item\"><figure><a href=\"https:\/\/holgersfotoblog.de\/wp-content\/uploads\/2020\/08\/DSC_0775-2-scaled.jpg\"><img loading=\"lazy\" decoding=\"async\" width=\"300\" height=\"200\" src=\"https:\/\/holgersfotoblog.de\/wp-content\/uploads\/2020\/08\/DSC_0775-2-300x200.jpg\" alt=\"\" data-id=\"366\" data-full-url=\"https:\/\/holgersfotoblog.de\/wp-content\/uploads\/2020\/08\/DSC_0775-2-scaled.jpg\" data-link=\"https:\/\/holgersfotoblog.de\/?attachment_id=366\" class=\"wp-image-366\" srcset=\"https:\/\/holgersfotoblog.de\/wp-content\/uploads\/2020\/08\/DSC_0775-2-300x200.jpg 300w, https:\/\/holgersfotoblog.de\/wp-content\/uploads\/2020\/08\/DSC_0775-2-1024x683.jpg 1024w, https:\/\/holgersfotoblog.de\/wp-content\/uploads\/2020\/08\/DSC_0775-2-768x512.jpg 768w, https:\/\/holgersfotoblog.de\/wp-content\/uploads\/2020\/08\/DSC_0775-2-2048x1365.jpg 2048w\" sizes=\"auto, (max-width: 300px) 100vw, 300px\" \/><\/a><\/figure><\/li><\/ul><figcaption class=\"blocks-gallery-caption\">Aufnahmeort: Wilhelma Stuttgart<\/figcaption><\/figure>\n\n\n\n<p>Etwas anders bin ich vorgegangen. Ich habe mich dazu entschiede, einen 1:1 Ausschnitt zu machen. Somit ist das Runde im Eckigen. Hier habe ich also nichts gedrittelt, sondern das Motiv mittig platziert.<\/p>\n\n\n\n<div class=\"wp-block-image\"><figure class=\"aligncenter size-large\"><img loading=\"lazy\" decoding=\"async\" width=\"2560\" height=\"1707\" src=\"https:\/\/holgersfotoblog.de\/wp-content\/uploads\/2020\/08\/DSC_0773-scaled.jpg\" alt=\"\" class=\"wp-image-365\" srcset=\"https:\/\/holgersfotoblog.de\/wp-content\/uploads\/2020\/08\/DSC_0773-scaled.jpg 2560w, https:\/\/holgersfotoblog.de\/wp-content\/uploads\/2020\/08\/DSC_0773-300x200.jpg 300w, https:\/\/holgersfotoblog.de\/wp-content\/uploads\/2020\/08\/DSC_0773-768x512.jpg 768w\" sizes=\"auto, (max-width: 2560px) 100vw, 2560px\" \/><figcaption>Aufnahmeort: Wilhelma Stuttgart<\/figcaption><\/figure><\/div>\n\n\n\n<p>Dieses Bild ist mein Favorit. Hier laufen zwei Diagonalen durchs Bild. Rechts unten und scharf abgebildet die Bl\u00fctenans\u00e4tze, dann unscharf und gr\u00fcn eine Kaktus im Hintergrund und als letztes wieder unscharfe Bl\u00fctenans\u00e4tze.<\/p>\n","protected":false},"excerpt":{"rendered":"<p>Die Bildgestaltung im Sinne der Motivplatzierung ist ein Kernaspekt der Fotografie. Die g\u00e4ngige Aussage ist, dass man das Motiv nicht mittig platzieren soll, sondern es anhand des Goldenen Schnitts ca. auf den Linien positioniert, die das Bild dritteln. Bei einem Kurzausflug in die Wilhelma Stuttgart habe ich etwas mit der Bildgestaltung in Kombination vom Pflanzen [&hellip;]<\/p>\n","protected":false},"author":1,"featured_media":0,"parent":104,"menu_order":1,"comment_status":"closed","ping_status":"closed","template":"","meta":{"footnotes":""},"class_list":["post-355","page","type-page","status-publish","hentry"],"_links":{"self":[{"href":"https:\/\/holgersfotoblog.de\/index.php?rest_route=\/wp\/v2\/pages\/355","targetHints":{"allow":["GET"]}}],"collection":[{"href":"https:\/\/holgersfotoblog.de\/index.php?rest_route=\/wp\/v2\/pages"}],"about":[{"href":"https:\/\/holgersfotoblog.de\/index.php?rest_route=\/wp\/v2\/types\/page"}],"author":[{"embeddable":true,"href":"https:\/\/holgersfotoblog.de\/index.php?rest_route=\/wp\/v2\/users\/1"}],"replies":[{"embeddable":true,"href":"https:\/\/holgersfotoblog.de\/index.php?rest_route=%2Fwp%2Fv2%2Fcomments&post=355"}],"version-history":[{"count":4,"href":"https:\/\/holgersfotoblog.de\/index.php?rest_route=\/wp\/v2\/pages\/355\/revisions"}],"predecessor-version":[{"id":369,"href":"https:\/\/holgersfotoblog.de\/index.php?rest_route=\/wp\/v2\/pages\/355\/revisions\/369"}],"up":[{"embeddable":true,"href":"https:\/\/holgersfotoblog.de\/index.php?rest_route=\/wp\/v2\/pages\/104"}],"wp:attachment":[{"href":"https:\/\/holgersfotoblog.de\/index.php?rest_route=%2Fwp%2Fv2%2Fmedia&parent=355"}],"curies":[{"name":"wp","href":"https:\/\/api.w.org\/{rel}","templated":true}]}}