{"id":395,"date":"2020-10-12T19:24:07","date_gmt":"2020-10-12T19:24:07","guid":{"rendered":"https:\/\/holgersfotoblog.de\/?page_id=395"},"modified":"2020-10-12T19:30:03","modified_gmt":"2020-10-12T19:30:03","slug":"bildbearbeitung","status":"publish","type":"page","link":"https:\/\/holgersfotoblog.de\/?page_id=395","title":{"rendered":"Bildbearbeitung"},"content":{"rendered":"\n<p>In einem meiner letzten Beitr\u00e4ge habe ich etwas dar\u00fcber geschrieben, wie die Kamera eine Szene belichtet, um ein m\u00f6glichst gutes Ergebnis zu produzieren. Das klappt aber nicht immer. Gerade wenn eine Szene extreme Wechsel von Hell und Dunkel besitzt. Und wann kommt das vor? Zum Beispiel wenn es mitten am Tag und der Himmel wolkenlos ist. Oder man fotografiert aus einem Geb\u00e4ude durch eine Glasfront hinaus. Und genau das bringt mich zu dem ersten Bild, das ich jemals Bild bearbeitet habe.<\/p>\n\n\n\n<figure class=\"wp-block-gallery columns-2 is-cropped wp-block-gallery-1 is-layout-flex wp-block-gallery-is-layout-flex\"><ul class=\"blocks-gallery-grid\"><li class=\"blocks-gallery-item\"><figure><a href=\"https:\/\/holgersfotoblog.de\/wp-content\/uploads\/2020\/10\/DSC_0483-scaled.jpg\"><img loading=\"lazy\" decoding=\"async\" width=\"1024\" height=\"678\" src=\"https:\/\/holgersfotoblog.de\/wp-content\/uploads\/2020\/10\/DSC_0483-1024x678.jpg\" alt=\"\" data-id=\"374\" data-full-url=\"https:\/\/holgersfotoblog.de\/wp-content\/uploads\/2020\/10\/DSC_0483-scaled.jpg\" data-link=\"https:\/\/holgersfotoblog.de\/?attachment_id=374\" class=\"wp-image-374\" srcset=\"https:\/\/holgersfotoblog.de\/wp-content\/uploads\/2020\/10\/DSC_0483-1024x678.jpg 1024w, https:\/\/holgersfotoblog.de\/wp-content\/uploads\/2020\/10\/DSC_0483-300x199.jpg 300w, https:\/\/holgersfotoblog.de\/wp-content\/uploads\/2020\/10\/DSC_0483-768x509.jpg 768w, https:\/\/holgersfotoblog.de\/wp-content\/uploads\/2020\/10\/DSC_0483-2048x1356.jpg 2048w\" sizes=\"auto, (max-width: 1024px) 100vw, 1024px\" \/><\/a><figcaption class=\"blocks-gallery-item__caption\">Ausgangsbild<\/figcaption><\/figure><\/li><li class=\"blocks-gallery-item\"><figure><a href=\"https:\/\/holgersfotoblog.de\/wp-content\/uploads\/2020\/10\/DSC_0483-2-scaled.jpg\"><img loading=\"lazy\" decoding=\"async\" width=\"1024\" height=\"678\" src=\"https:\/\/holgersfotoblog.de\/wp-content\/uploads\/2020\/10\/DSC_0483-2-1024x678.jpg\" alt=\"\" data-id=\"375\" data-full-url=\"https:\/\/holgersfotoblog.de\/wp-content\/uploads\/2020\/10\/DSC_0483-2-scaled.jpg\" data-link=\"https:\/\/holgersfotoblog.de\/?attachment_id=375\" class=\"wp-image-375\" srcset=\"https:\/\/holgersfotoblog.de\/wp-content\/uploads\/2020\/10\/DSC_0483-2-1024x678.jpg 1024w, https:\/\/holgersfotoblog.de\/wp-content\/uploads\/2020\/10\/DSC_0483-2-300x199.jpg 300w, https:\/\/holgersfotoblog.de\/wp-content\/uploads\/2020\/10\/DSC_0483-2-768x509.jpg 768w, https:\/\/holgersfotoblog.de\/wp-content\/uploads\/2020\/10\/DSC_0483-2-2048x1356.jpg 2048w\" sizes=\"auto, (max-width: 1024px) 100vw, 1024px\" \/><\/a><figcaption class=\"blocks-gallery-item__caption\">Bearbeitetes Bild<\/figcaption><\/figure><\/li><\/ul><figcaption class=\"blocks-gallery-caption\">Das erste Bild, das ich Bild bearbeitet habe. Eine Aufnahme aus dem Shed Aquarium in Chicago. Das Bild wurde mit einer geliehenen Nikon D5100 aufgenommen. <\/figcaption><\/figure>\n\n\n\n<p>Was hat an diesem Bild nicht geklappt? Der Innenraum ist im Vergleich zum hellen Tag im Freien viel zu hell. Der Bildeindruck ist fast schon Schwarz. Bei eingestellter Matrixmessung fand die Kamera das Bild wahrscheinlich ganz gut belichtet, n\u00e4mlich so mittel Grau. Das bearbeitete Bild ist nicht wirklich \u00fcberzeugend. Es rauscht sehr stark und die hervorgeholten Farben sind auch eher flau. Daf\u00fcr kann man aber durch die Fensterfront jetzt etwas vom Lake Michigan erahnen und das Adler Planetarium erahnen. Das Bild ist bei meiner ersten Reise in die USA entstanden, bei der ich zum ersten Mal mit einer DSLR fotografiert habe. Ganz am Anfang \ud83d\ude00 <\/p>\n\n\n\n<p>Warum zeige ich das? Die Belichtungsautomatiken werden immer besser. Aber manchmal hakt es trotzdem und hier kann Bildbearbeitung nachhelfen. Was meine ich mit Bildbearbeitung? Schlichtes Anpassen der Belichtung, des Kontrasts, Sch\u00e4rfung, Rauschreduzierung, Bildzuschnitte etc. Keine Montagen oder Verfremdungen. Bildbearbeitung ist dabei keine Schande f\u00fcr den Fotografen und kann auch nichts erzeugen, das davor nicht vorhanden war. Ein verwackeltes Bild bleibt verwackelt und ein Bild und ein unterbelichtetes Foto wird noch nachtr\u00e4glich optimal belichtet. Im Folgenden bringe ich ein paar Beispiele f\u00fcr Situationen, in denen Bildbearbeitung der Belichtungsmessung (und dem Fotografen) unter die Arme greifen kann. Ich verwende durchgehend RAW Bilder, da diese noch die meisten Bildinformationen enthalten. Mein Fokus liegt dabei darauf, einfach etwas Lust auf das Thema zu machen. Auf YouTube gibt es genug Tutorials zum Thema. Da kann ich nichts beitragen \ud83d\ude42<\/p>\n\n\n\n<h2 class=\"wp-block-heading\">Mitten am Tag und ohne Wolken<\/h2>\n\n\n\n<p>Wie bereits gesagt, sind Situationen am hellen Tag und ohne Wolken dahingehend eine Herausforderung, in diesen Situationen sehr harte \u00dcbergange von Schatten zu Sonne entstehen. Ein Beispiel hatte ich neulich bei einem Ausflug nach Me\u00dfkirch zum <a href=\"https:\/\/www.campus-galli.de\/\">Campus Galli<\/a>. Im Folgenden zeige ich immer ein paar Bilder, jeweils ohne und mit Bildbearbeitung per Lightroom. Neben Lightroom gibt es andere und auch kostenlose Alternativen, der Post ist keine Werbung f\u00fcr Lightroom. Ich bin einfach nur fitter mit Lightroom als mit anderen Programmen wie Luminar und Capture One. Es geht mir dabei &#8211; wie meistens &#8211; nicht um perfekte Belichtung oder Bearbeitung. Ich m\u00f6chte Zeigen, was so alles m\u00f6glich ist.<\/p>\n\n\n\n<figure class=\"wp-block-gallery columns-2 is-cropped wp-block-gallery-2 is-layout-flex wp-block-gallery-is-layout-flex\"><ul class=\"blocks-gallery-grid\"><li class=\"blocks-gallery-item\"><figure><a href=\"https:\/\/holgersfotoblog.de\/wp-content\/uploads\/2020\/10\/DSC_0458-1-scaled.jpg\"><img loading=\"lazy\" decoding=\"async\" width=\"683\" height=\"1024\" src=\"https:\/\/holgersfotoblog.de\/wp-content\/uploads\/2020\/10\/DSC_0458-1-683x1024.jpg\" alt=\"\" data-id=\"379\" data-full-url=\"https:\/\/holgersfotoblog.de\/wp-content\/uploads\/2020\/10\/DSC_0458-1-scaled.jpg\" data-link=\"https:\/\/holgersfotoblog.de\/?attachment_id=379\" class=\"wp-image-379\" srcset=\"https:\/\/holgersfotoblog.de\/wp-content\/uploads\/2020\/10\/DSC_0458-1-683x1024.jpg 683w, https:\/\/holgersfotoblog.de\/wp-content\/uploads\/2020\/10\/DSC_0458-1-200x300.jpg 200w, https:\/\/holgersfotoblog.de\/wp-content\/uploads\/2020\/10\/DSC_0458-1-1365x2048.jpg 1365w, https:\/\/holgersfotoblog.de\/wp-content\/uploads\/2020\/10\/DSC_0458-1-scaled.jpg 1707w\" sizes=\"auto, (max-width: 683px) 100vw, 683px\" \/><\/a><figcaption class=\"blocks-gallery-item__caption\">Ausgangsbild<\/figcaption><\/figure><\/li><li class=\"blocks-gallery-item\"><figure><a href=\"https:\/\/holgersfotoblog.de\/wp-content\/uploads\/2020\/10\/DSC_0458-2-1-scaled.jpg\"><img loading=\"lazy\" decoding=\"async\" width=\"683\" height=\"1024\" src=\"https:\/\/holgersfotoblog.de\/wp-content\/uploads\/2020\/10\/DSC_0458-2-1-683x1024.jpg\" alt=\"\" data-id=\"381\" data-full-url=\"https:\/\/holgersfotoblog.de\/wp-content\/uploads\/2020\/10\/DSC_0458-2-1-scaled.jpg\" data-link=\"https:\/\/holgersfotoblog.de\/?attachment_id=381\" class=\"wp-image-381\" srcset=\"https:\/\/holgersfotoblog.de\/wp-content\/uploads\/2020\/10\/DSC_0458-2-1-683x1024.jpg 683w, https:\/\/holgersfotoblog.de\/wp-content\/uploads\/2020\/10\/DSC_0458-2-1-200x300.jpg 200w, https:\/\/holgersfotoblog.de\/wp-content\/uploads\/2020\/10\/DSC_0458-2-1-1365x2048.jpg 1365w, https:\/\/holgersfotoblog.de\/wp-content\/uploads\/2020\/10\/DSC_0458-2-1-scaled.jpg 1707w\" sizes=\"auto, (max-width: 683px) 100vw, 683px\" \/><\/a><figcaption class=\"blocks-gallery-item__caption\">Anpassung der  Lichter und Tiefen (automatisch)<\/figcaption><\/figure><\/li><li class=\"blocks-gallery-item\"><figure><a href=\"https:\/\/holgersfotoblog.de\/wp-content\/uploads\/2020\/10\/DSC_0458-3-1.jpg\"><img loading=\"lazy\" decoding=\"async\" width=\"4000\" height=\"6000\" src=\"https:\/\/holgersfotoblog.de\/wp-content\/uploads\/2020\/10\/DSC_0458-3-1.jpg\" alt=\"\" data-id=\"383\" data-full-url=\"https:\/\/holgersfotoblog.de\/wp-content\/uploads\/2020\/10\/DSC_0458-3-1.jpg\" data-link=\"https:\/\/holgersfotoblog.de\/?attachment_id=383\" class=\"wp-image-383\" srcset=\"https:\/\/holgersfotoblog.de\/wp-content\/uploads\/2020\/10\/DSC_0458-3-1.jpg 4000w, https:\/\/holgersfotoblog.de\/wp-content\/uploads\/2020\/10\/DSC_0458-3-1-200x300.jpg 200w\" sizes=\"auto, (max-width: 4000px) 100vw, 4000px\" \/><\/a><figcaption class=\"blocks-gallery-item__caption\">Vollst\u00e4ndige Tonwertanpassung (automatisch)<\/figcaption><\/figure><\/li><li class=\"blocks-gallery-item\"><figure><a href=\"https:\/\/holgersfotoblog.de\/wp-content\/uploads\/2020\/10\/DSC_0458-4-scaled.jpg\"><img loading=\"lazy\" decoding=\"async\" width=\"683\" height=\"1024\" src=\"https:\/\/holgersfotoblog.de\/wp-content\/uploads\/2020\/10\/DSC_0458-4-683x1024.jpg\" alt=\"\" data-id=\"384\" data-full-url=\"https:\/\/holgersfotoblog.de\/wp-content\/uploads\/2020\/10\/DSC_0458-4-scaled.jpg\" data-link=\"https:\/\/holgersfotoblog.de\/?attachment_id=384\" class=\"wp-image-384\" srcset=\"https:\/\/holgersfotoblog.de\/wp-content\/uploads\/2020\/10\/DSC_0458-4-683x1024.jpg 683w, https:\/\/holgersfotoblog.de\/wp-content\/uploads\/2020\/10\/DSC_0458-4-200x300.jpg 200w, https:\/\/holgersfotoblog.de\/wp-content\/uploads\/2020\/10\/DSC_0458-4-1365x2048.jpg 1365w, https:\/\/holgersfotoblog.de\/wp-content\/uploads\/2020\/10\/DSC_0458-4-scaled.jpg 1707w\" sizes=\"auto, (max-width: 683px) 100vw, 683px\" \/><\/a><figcaption class=\"blocks-gallery-item__caption\">Vollst\u00e4ndige Tonwertanpassung, manuelle Anpassungen<\/figcaption><\/figure><\/li><\/ul><figcaption class=\"blocks-gallery-caption\">Berlusconi III.<\/figcaption><\/figure>\n\n\n\n<p>Das erste Bild zeigt den Hahn Berlusconi III. im Vordergrund und eine Holzh\u00fctte im Hintergrund. Der Hahn hei\u00dft deshalb Berlusconi III., weil er zur H\u00fchnerasse &#8222;Italiener&#8220; geh\u00f6rt und der Hahn im Korb ist. Den Zusatz der III. hat er, weil seine Vorg\u00e4nger die Bekanntschaft mit einem Fuchs gemacht haben. Der Hahn steht dabei im Schatten, w\u00e4hrend die H\u00fctte im Sonnenschein liegt. Das zweite Bild zeigt den Effekt der Anpassung der Lichter und Tiefen (-69 \/ +57). Durch die Anpassung der Lichter wird der heller Hintergrund abgedunkelt. Die Anpassung der Tiefen hellt hingegen den Vordergrund auf. Das dritte Bild zeigt den Effekt der automatischen Tonwertanpassung in Lightroom. Das letzte Bild zeigt den Effekt meiner Anpassungen. Hier habe ich die Lichter und Tiefen auf + \/ &#8211; 100 gesetzt. Dadurch wird die Textur des Gefieders etwas besser herausgearbeitet. Hier hilft Bildbearbeitung mittels Lightroom das Potential des Dynamikumfangs des Sensors auszunutzen. <\/p>\n\n\n\n<h2 class=\"wp-block-heading\">Mittelalterliche Holzbearbeitung<\/h2>\n\n\n\n<p>Die folgenden Bilder zeigen einen Mitarbeiter bei der Holzbearbeitung. Sein Arbeitsplatz liegt in einem schattigen Bereich, der durch einzelne Sonnenflecken durchbrochen wird. Im Hintergrund ist die Umrandung des Friedhofs zu erkennen. <\/p>\n\n\n\n<figure class=\"wp-block-gallery columns-2 is-cropped wp-block-gallery-3 is-layout-flex wp-block-gallery-is-layout-flex\"><ul class=\"blocks-gallery-grid\"><li class=\"blocks-gallery-item\"><figure><a href=\"https:\/\/holgersfotoblog.de\/wp-content\/uploads\/2020\/10\/DSC_0467-1024x683.jpg\"><img loading=\"lazy\" decoding=\"async\" width=\"1024\" height=\"683\" src=\"https:\/\/holgersfotoblog.de\/wp-content\/uploads\/2020\/10\/DSC_0467-1024x683.jpg\" alt=\"\" data-id=\"386\" data-link=\"https:\/\/holgersfotoblog.de\/?attachment_id=386\" class=\"wp-image-386\" srcset=\"https:\/\/holgersfotoblog.de\/wp-content\/uploads\/2020\/10\/DSC_0467-1024x683.jpg 1024w, https:\/\/holgersfotoblog.de\/wp-content\/uploads\/2020\/10\/DSC_0467-300x200.jpg 300w, https:\/\/holgersfotoblog.de\/wp-content\/uploads\/2020\/10\/DSC_0467-768x512.jpg 768w, https:\/\/holgersfotoblog.de\/wp-content\/uploads\/2020\/10\/DSC_0467-2048x1365.jpg 2048w\" sizes=\"auto, (max-width: 1024px) 100vw, 1024px\" \/><\/a><figcaption class=\"blocks-gallery-item__caption\">Ausgangsbild<\/figcaption><\/figure><\/li><li class=\"blocks-gallery-item\"><figure><a href=\"https:\/\/holgersfotoblog.de\/wp-content\/uploads\/2020\/10\/DSC_0467-2-1024x683.jpg\"><img loading=\"lazy\" decoding=\"async\" width=\"1024\" height=\"683\" src=\"https:\/\/holgersfotoblog.de\/wp-content\/uploads\/2020\/10\/DSC_0467-2-1024x683.jpg\" alt=\"\" data-id=\"387\" data-link=\"https:\/\/holgersfotoblog.de\/?attachment_id=387\" class=\"wp-image-387\" srcset=\"https:\/\/holgersfotoblog.de\/wp-content\/uploads\/2020\/10\/DSC_0467-2-1024x683.jpg 1024w, https:\/\/holgersfotoblog.de\/wp-content\/uploads\/2020\/10\/DSC_0467-2-300x200.jpg 300w, https:\/\/holgersfotoblog.de\/wp-content\/uploads\/2020\/10\/DSC_0467-2-768x512.jpg 768w, https:\/\/holgersfotoblog.de\/wp-content\/uploads\/2020\/10\/DSC_0467-2-2048x1365.jpg 2048w\" sizes=\"auto, (max-width: 1024px) 100vw, 1024px\" \/><\/a><figcaption class=\"blocks-gallery-item__caption\">Anpassung der Lichter und Tiefen (automatisch)<\/figcaption><\/figure><\/li><li class=\"blocks-gallery-item\"><figure><a href=\"https:\/\/holgersfotoblog.de\/wp-content\/uploads\/2020\/10\/DSC_0467-3-1024x683.jpg\"><img loading=\"lazy\" decoding=\"async\" width=\"1024\" height=\"683\" src=\"https:\/\/holgersfotoblog.de\/wp-content\/uploads\/2020\/10\/DSC_0467-3-1024x683.jpg\" alt=\"\" data-id=\"388\" data-link=\"https:\/\/holgersfotoblog.de\/?attachment_id=388\" class=\"wp-image-388\" srcset=\"https:\/\/holgersfotoblog.de\/wp-content\/uploads\/2020\/10\/DSC_0467-3-1024x683.jpg 1024w, https:\/\/holgersfotoblog.de\/wp-content\/uploads\/2020\/10\/DSC_0467-3-300x200.jpg 300w, https:\/\/holgersfotoblog.de\/wp-content\/uploads\/2020\/10\/DSC_0467-3-768x512.jpg 768w, https:\/\/holgersfotoblog.de\/wp-content\/uploads\/2020\/10\/DSC_0467-3-2048x1365.jpg 2048w\" sizes=\"auto, (max-width: 1024px) 100vw, 1024px\" \/><\/a><figcaption class=\"blocks-gallery-item__caption\">Vollst\u00e4ndige Tonwertanpassung (automatisch)<\/figcaption><\/figure><\/li><li class=\"blocks-gallery-item\"><figure><a href=\"https:\/\/holgersfotoblog.de\/wp-content\/uploads\/2020\/10\/DSC_0467-4-scaled.jpg\"><img loading=\"lazy\" decoding=\"async\" width=\"1024\" height=\"683\" src=\"https:\/\/holgersfotoblog.de\/wp-content\/uploads\/2020\/10\/DSC_0467-4-1024x683.jpg\" alt=\"\" data-id=\"389\" data-full-url=\"https:\/\/holgersfotoblog.de\/wp-content\/uploads\/2020\/10\/DSC_0467-4-scaled.jpg\" data-link=\"https:\/\/holgersfotoblog.de\/?attachment_id=389\" class=\"wp-image-389\" srcset=\"https:\/\/holgersfotoblog.de\/wp-content\/uploads\/2020\/10\/DSC_0467-4-1024x683.jpg 1024w, https:\/\/holgersfotoblog.de\/wp-content\/uploads\/2020\/10\/DSC_0467-4-300x200.jpg 300w, https:\/\/holgersfotoblog.de\/wp-content\/uploads\/2020\/10\/DSC_0467-4-768x512.jpg 768w, https:\/\/holgersfotoblog.de\/wp-content\/uploads\/2020\/10\/DSC_0467-4-2048x1365.jpg 2048w\" sizes=\"auto, (max-width: 1024px) 100vw, 1024px\" \/><\/a><figcaption class=\"blocks-gallery-item__caption\">Vollst\u00e4ndige Tonwertanpassung, manuelle Anpassungen<\/figcaption><\/figure><\/li><\/ul><figcaption class=\"blocks-gallery-caption\">Mittelalterliche Holzbearbeitung<\/figcaption><\/figure>\n\n\n\n<p>Das erste Bild zeigt einen Zimmermann bei der Holzbearbeitung mit einer Axt im Vordergrund. Im Hintergrund ist eine weise Mauer zu sehen. Der Zimmermann steht im Schatten, w\u00e4hrend die Mauer hell beleuchtet ist. Die automatische Anpassung der Lichter und Tiefen zeigt sich im zweiten Bild (Lichter &#8211; 65 \/ Tiefen +55). Das Gesicht des Zimmermanns wird aufgehellt und einige Details im Schatten sind besser zu erkennen. Im dritten Bild gleicht die automatische Tonwertkorrektur die harten Kontraste aus. Die hellen Bereiche werden dunkler und die dunklen Bereiche werden heller. Der Bildeindruck wird dadurch weniger hart und runder. Im vierten Bild habe ich die Lichter bzw. Tiefen auf + \/ &#8211; 100 gesetzt. Hier ist die Anpassung von Lichter &#8211; 100 zu extrem.<\/p>\n\n\n\n<h2 class=\"wp-block-heading\">Verborgene Details<\/h2>\n\n\n\n<p>Die letzten beiden Bilder thematisieren die M\u00f6glichkeiten und Grenzen der Bildbearbeitung. Die Bilder sind im Innenraum der Holzkirche entstanden. <\/p>\n\n\n\n<figure class=\"wp-block-gallery columns-2 is-cropped wp-block-gallery-4 is-layout-flex wp-block-gallery-is-layout-flex\"><ul class=\"blocks-gallery-grid\"><li class=\"blocks-gallery-item\"><figure><a href=\"https:\/\/holgersfotoblog.de\/wp-content\/uploads\/2020\/10\/DSC_0489-scaled.jpg\"><img loading=\"lazy\" decoding=\"async\" width=\"1024\" height=\"683\" src=\"https:\/\/holgersfotoblog.de\/wp-content\/uploads\/2020\/10\/DSC_0489-1024x683.jpg\" alt=\"\" data-id=\"391\" data-full-url=\"https:\/\/holgersfotoblog.de\/wp-content\/uploads\/2020\/10\/DSC_0489-scaled.jpg\" data-link=\"https:\/\/holgersfotoblog.de\/?attachment_id=391\" class=\"wp-image-391\" srcset=\"https:\/\/holgersfotoblog.de\/wp-content\/uploads\/2020\/10\/DSC_0489-1024x683.jpg 1024w, https:\/\/holgersfotoblog.de\/wp-content\/uploads\/2020\/10\/DSC_0489-300x200.jpg 300w, https:\/\/holgersfotoblog.de\/wp-content\/uploads\/2020\/10\/DSC_0489-768x512.jpg 768w, https:\/\/holgersfotoblog.de\/wp-content\/uploads\/2020\/10\/DSC_0489-2048x1365.jpg 2048w\" sizes=\"auto, (max-width: 1024px) 100vw, 1024px\" \/><\/a><figcaption class=\"blocks-gallery-item__caption\">Ausgangsbild<\/figcaption><\/figure><\/li><li class=\"blocks-gallery-item\"><figure><a href=\"https:\/\/holgersfotoblog.de\/wp-content\/uploads\/2020\/10\/DSC_0489-2-scaled.jpg\"><img loading=\"lazy\" decoding=\"async\" width=\"1024\" height=\"683\" src=\"https:\/\/holgersfotoblog.de\/wp-content\/uploads\/2020\/10\/DSC_0489-2-1024x683.jpg\" alt=\"\" data-id=\"392\" data-full-url=\"https:\/\/holgersfotoblog.de\/wp-content\/uploads\/2020\/10\/DSC_0489-2-scaled.jpg\" data-link=\"https:\/\/holgersfotoblog.de\/?attachment_id=392\" class=\"wp-image-392\" srcset=\"https:\/\/holgersfotoblog.de\/wp-content\/uploads\/2020\/10\/DSC_0489-2-1024x683.jpg 1024w, https:\/\/holgersfotoblog.de\/wp-content\/uploads\/2020\/10\/DSC_0489-2-300x200.jpg 300w, https:\/\/holgersfotoblog.de\/wp-content\/uploads\/2020\/10\/DSC_0489-2-768x512.jpg 768w, https:\/\/holgersfotoblog.de\/wp-content\/uploads\/2020\/10\/DSC_0489-2-2048x1365.jpg 2048w\" sizes=\"auto, (max-width: 1024px) 100vw, 1024px\" \/><\/a><figcaption class=\"blocks-gallery-item__caption\">Komplette Tonwertkorrektur (automatisch)<\/figcaption><\/figure><\/li><\/ul><figcaption class=\"blocks-gallery-caption\">Innenaufnahme aus der Holzkirche<\/figcaption><\/figure>\n\n\n\n<p>Bei diesem Bild lohnt sich ein Blick auf die Einstellungen der Kamera. Da ich eigentlich nicht vor hatte, im Inneren zu fotografieren, habe ich die ISO-Einstellung auf 100 belassen und leicht auf f4.8 abgeblendet. Die Belichtungszeit lag bei 1\/4s, also relativ lange ohne Stativ. Das Ausgangsbild ist dunkel und das Histogramm ist linkslastig, siehe Bild.<\/p>\n\n\n\n<div class=\"wp-block-image\"><figure class=\"aligncenter size-large\"><img loading=\"lazy\" decoding=\"async\" width=\"292\" height=\"152\" src=\"https:\/\/holgersfotoblog.de\/wp-content\/uploads\/2020\/10\/Histogramm.png\" alt=\"\" class=\"wp-image-393\"\/><figcaption>Histogramm des Ausgangsbilds<\/figcaption><\/figure><\/div>\n\n\n\n<p>Die automatische Tonwertkorrektur hellt das Bild ordentlich auf und es zeigen sich Details am Holzbalken am unteren Bildrand. Diese Bildinformationen sind im Ausgangsbild enthalten. Bei genauerer Betrachtung zeigt sich aber ein Problem dieser massiven Aufhellung. Lightroom hat hier die Belichtung um 2,1 Stufen erh\u00f6ht. Das Bild ist k\u00f6rnig und rauscht. <\/p>\n\n\n\n<h2 class=\"wp-block-heading\">Und jetzt?<\/h2>\n\n\n\n<p>Keines der von mir gezeigten Bilder ist perfekt aufgenommen oder perfekt bearbeitet. Ich m\u00f6chte hier auch nicht meine &#8222;mad Lightroom skills&#8220; zeigen. Die meiste Arbeit hat Lightroom vollautomatisch gemacht. Was ich aber zeigen m\u00f6chte, sind die M\u00f6glichkeiten der Bildbearbeitung. Man kann damit per Software etwas der Hardware (der Kamera) unter die Arme greifen und den Bildeindruck etwas abrunden und die harten Hell\/Dunkel Kontraste aufweichen. Ich kann jedem empfehlen, sich mit dem Thema zu besch\u00e4ftigen und einfach mal herumzuspielen. Es gibt genug Tutorials auf YouTube und auch kostenlose Alternativen zu Lightroom. Also: Legt los, probiert aus und lasst euch \u00fcberraschen, welche Bildinformationen vorhanden sind. <\/p>\n","protected":false},"excerpt":{"rendered":"<p>In einem meiner letzten Beitr\u00e4ge habe ich etwas dar\u00fcber geschrieben, wie die Kamera eine Szene belichtet, um ein m\u00f6glichst gutes Ergebnis zu produzieren. Das klappt aber nicht immer. Gerade wenn eine Szene extreme Wechsel von Hell und Dunkel besitzt. Und wann kommt das vor? Zum Beispiel wenn es mitten am Tag und der Himmel wolkenlos [&hellip;]<\/p>\n","protected":false},"author":1,"featured_media":0,"parent":237,"menu_order":4,"comment_status":"closed","ping_status":"closed","template":"","meta":{"footnotes":""},"class_list":["post-395","page","type-page","status-publish","hentry"],"_links":{"self":[{"href":"https:\/\/holgersfotoblog.de\/index.php?rest_route=\/wp\/v2\/pages\/395","targetHints":{"allow":["GET"]}}],"collection":[{"href":"https:\/\/holgersfotoblog.de\/index.php?rest_route=\/wp\/v2\/pages"}],"about":[{"href":"https:\/\/holgersfotoblog.de\/index.php?rest_route=\/wp\/v2\/types\/page"}],"author":[{"embeddable":true,"href":"https:\/\/holgersfotoblog.de\/index.php?rest_route=\/wp\/v2\/users\/1"}],"replies":[{"embeddable":true,"href":"https:\/\/holgersfotoblog.de\/index.php?rest_route=%2Fwp%2Fv2%2Fcomments&post=395"}],"version-history":[{"count":3,"href":"https:\/\/holgersfotoblog.de\/index.php?rest_route=\/wp\/v2\/pages\/395\/revisions"}],"predecessor-version":[{"id":399,"href":"https:\/\/holgersfotoblog.de\/index.php?rest_route=\/wp\/v2\/pages\/395\/revisions\/399"}],"up":[{"embeddable":true,"href":"https:\/\/holgersfotoblog.de\/index.php?rest_route=\/wp\/v2\/pages\/237"}],"wp:attachment":[{"href":"https:\/\/holgersfotoblog.de\/index.php?rest_route=%2Fwp%2Fv2%2Fmedia&parent=395"}],"curies":[{"name":"wp","href":"https:\/\/api.w.org\/{rel}","templated":true}]}}