{"id":461,"date":"2022-02-19T19:51:09","date_gmt":"2022-02-19T19:51:09","guid":{"rendered":"https:\/\/holgersfotoblog.de\/?page_id=461"},"modified":"2022-02-19T19:54:08","modified_gmt":"2022-02-19T19:54:08","slug":"fotografieren-im-zoo","status":"publish","type":"page","link":"https:\/\/holgersfotoblog.de\/?page_id=461","title":{"rendered":"Fotografieren im Zoo"},"content":{"rendered":"\n<p>Zoos und botanische G\u00e4rten bieten wunderbare M\u00f6glichkeiten zum Fotografieren: Interessante, abwechslungsreiche und spannende Motive. Unter anderem deshalb fotografiere ich gerne in der Wilhelma. Aber Zoos sind k\u00fcnstliche Umgebungen und die meisten Tiere sind in Gehegen oder hinter Glas. Und das macht es bisweilen herausfordernd, ein sch\u00f6nes Foto zu erhaschen. Aber es gibt auch Tricks, die leider teils auch etwas Ausr\u00fcstung erfordern.<\/p>\n\n\n\n<h2 class=\"wp-block-heading\" id=\"fotografieren-durch-gitter-und-zaune\">Fotografieren durch Gitter und Z\u00e4une<\/h2>\n\n\n\n<p>Z\u00e4une stehen im Weg und im Bild. Also muss man sie &#8222;unsichtbar&#8220; machen. Und wie macht man etwas unsichtbar oder zumindest unauff\u00e4llig? Man macht es so unscharf, dass man es (fast) nicht mehr sieht. Wenn wir \u00fcber Sch\u00e4rfe reden, dann m\u00fcssen wir auch \u00fcber Blende, Abstand und Brennweite reden. Kleine Blenden (kleine Zahl) reduziert die Sch\u00e4rfentiefe. Eine hohe Brennweite reduziert ebenfalls die Sch\u00e4rfentiefe, vor allem in Kombination mit einem geringen Abstand. In den folgenden Beispielen m\u00f6chte ich den Einfluss der genannten Faktoren demonstrieren.<\/p>\n\n\n\n<div class=\"wp-block-image\"><figure class=\"aligncenter size-large\"><img loading=\"lazy\" decoding=\"async\" width=\"1024\" height=\"684\" src=\"https:\/\/holgersfotoblog.de\/wp-content\/uploads\/2022\/02\/750_0184-2-1024x684.jpg\" alt=\"\" class=\"wp-image-463\" srcset=\"https:\/\/holgersfotoblog.de\/wp-content\/uploads\/2022\/02\/750_0184-2-1024x684.jpg 1024w, https:\/\/holgersfotoblog.de\/wp-content\/uploads\/2022\/02\/750_0184-2-300x200.jpg 300w, https:\/\/holgersfotoblog.de\/wp-content\/uploads\/2022\/02\/750_0184-2-768x513.jpg 768w, https:\/\/holgersfotoblog.de\/wp-content\/uploads\/2022\/02\/750_0184-2-1536x1025.jpg 1536w, https:\/\/holgersfotoblog.de\/wp-content\/uploads\/2022\/02\/750_0184-2-2048x1367.jpg 2048w\" sizes=\"auto, (max-width: 1024px) 100vw, 1024px\" \/><figcaption>Luchs im Wildparadies Tripsdrill. 200mm, f2.8.<\/figcaption><\/figure><\/div>\n\n\n\n<p>Die Aufnahmesituation im obigen Bild war wie folgt: Der Luchs war nah am Zaun und ich konnte nicht viel n\u00e4her an den Zaun herantreten. In der Folge ist der Zaun deutlich erkennbar, obwohl die Blende klein und Brennweite gro\u00df war und beide Faktoren die Sch\u00e4rfentiefe reduzieren.<\/p>\n\n\n\n<p>Anders sieht es in folgendem Bild aus:<\/p>\n\n\n\n<div class=\"wp-block-image\"><figure class=\"aligncenter size-large\"><img loading=\"lazy\" decoding=\"async\" width=\"1024\" height=\"684\" src=\"https:\/\/holgersfotoblog.de\/wp-content\/uploads\/2022\/02\/750_0190-2-1024x684.jpg\" alt=\"\" class=\"wp-image-465\" srcset=\"https:\/\/holgersfotoblog.de\/wp-content\/uploads\/2022\/02\/750_0190-2-1024x684.jpg 1024w, https:\/\/holgersfotoblog.de\/wp-content\/uploads\/2022\/02\/750_0190-2-300x200.jpg 300w, https:\/\/holgersfotoblog.de\/wp-content\/uploads\/2022\/02\/750_0190-2-768x513.jpg 768w, https:\/\/holgersfotoblog.de\/wp-content\/uploads\/2022\/02\/750_0190-2-1536x1025.jpg 1536w, https:\/\/holgersfotoblog.de\/wp-content\/uploads\/2022\/02\/750_0190-2-2048x1367.jpg 2048w\" sizes=\"auto, (max-width: 1024px) 100vw, 1024px\" \/><figcaption>Silberfuchs im Wildparadies Tripsdrill. 200mm, f2.8<\/figcaption><\/figure><\/div>\n\n\n\n<p>Der Silberfuchs hatte es sich weiter vom Zaun weg gem\u00fctlich gemacht und ich konnte nahe an den Zaun herantreten. Anders als im ersten Bild konnte die kleine Blende und hohe Brennweite den Zaun fast unsichtbar machen. Aber eben nur fast. Im Bokeh sind seltsame Strukturen erkennbar und auch das Nackenfell wirkt seltsam. Das sind die optischen Reste des Zauns. In der Bildbearbeitung lassen die diese Reste jedoch reduzieren, was ich im folgenden Bild demonstrieren m\u00f6chte.<\/p>\n\n\n\n<figure class=\"wp-block-gallery aligncenter has-nested-images columns-default is-cropped wp-block-gallery-1 is-layout-flex wp-block-gallery-is-layout-flex\">\n<figure class=\"wp-block-image size-large\"><a href=\"https:\/\/holgersfotoblog.de\/wp-content\/uploads\/2022\/02\/750_0197-2-1-scaled.jpg\"><img loading=\"lazy\" decoding=\"async\" width=\"1024\" height=\"684\" data-id=\"471\" src=\"https:\/\/holgersfotoblog.de\/wp-content\/uploads\/2022\/02\/750_0197-2-1-1024x684.jpg\" alt=\"\" class=\"wp-image-471\" srcset=\"https:\/\/holgersfotoblog.de\/wp-content\/uploads\/2022\/02\/750_0197-2-1-1024x684.jpg 1024w, https:\/\/holgersfotoblog.de\/wp-content\/uploads\/2022\/02\/750_0197-2-1-300x200.jpg 300w, https:\/\/holgersfotoblog.de\/wp-content\/uploads\/2022\/02\/750_0197-2-1-768x513.jpg 768w, https:\/\/holgersfotoblog.de\/wp-content\/uploads\/2022\/02\/750_0197-2-1-1536x1025.jpg 1536w, https:\/\/holgersfotoblog.de\/wp-content\/uploads\/2022\/02\/750_0197-2-1-2048x1367.jpg 2048w\" sizes=\"auto, (max-width: 1024px) 100vw, 1024px\" \/><\/a><figcaption>Hintergrund unbearbeitet<\/figcaption><\/figure>\n\n\n\n<figure class=\"wp-block-image size-large\"><a href=\"https:\/\/holgersfotoblog.de\/wp-content\/uploads\/2022\/02\/750_0197-3-1-scaled.jpg\"><img loading=\"lazy\" decoding=\"async\" width=\"1024\" height=\"684\" data-id=\"470\" src=\"https:\/\/holgersfotoblog.de\/wp-content\/uploads\/2022\/02\/750_0197-3-1-1024x684.jpg\" alt=\"\" class=\"wp-image-470\" srcset=\"https:\/\/holgersfotoblog.de\/wp-content\/uploads\/2022\/02\/750_0197-3-1-1024x684.jpg 1024w, https:\/\/holgersfotoblog.de\/wp-content\/uploads\/2022\/02\/750_0197-3-1-300x200.jpg 300w, https:\/\/holgersfotoblog.de\/wp-content\/uploads\/2022\/02\/750_0197-3-1-768x513.jpg 768w, https:\/\/holgersfotoblog.de\/wp-content\/uploads\/2022\/02\/750_0197-3-1-1536x1025.jpg 1536w, https:\/\/holgersfotoblog.de\/wp-content\/uploads\/2022\/02\/750_0197-3-1-2048x1367.jpg 2048w\" sizes=\"auto, (max-width: 1024px) 100vw, 1024px\" \/><\/a><figcaption>Hintergrund bearbeitet<\/figcaption><\/figure>\n<figcaption class=\"blocks-gallery-caption\">Rotfuchs im Wildparadies Tripsdrill. 200mm, f2.8<\/figcaption><\/figure>\n\n\n\n<p>Die Aufnahmesituation \u00e4hnelt der des vorangegangenen Bildes; Blende offen, Brennweite hoch, Abstand (Fotograf) zum Zaun gering, Abstand (Motiv) zum Zaun hoch. Das linke Bild zeigt ebenfalls die Artefakte im Hintergrund, welche ich beim rechten Bild mittels Lightroom reduziert habe. Hierzu habe ich den Hintergrund maskiert und die Regler &#8222;Struktur&#8220; und &#8222;Klarheit&#8220; auf -100 eingestellt. Dieses Bild ist mein pers\u00f6nliches Highlight des Besuchs. In Anlehnung an <a href=\"https:\/\/holgersfotoblog.de\/?page_id=435\" data-type=\"page\" data-id=\"435\">Lieblingsbilder<\/a> m\u00f6chte ich kurz darauf eingehen, warum das so ist.<\/p>\n\n\n\n<ul class=\"wp-block-list\"><li>Die Bildgestaltung. Der Kopf des Fuchses befindet sich auf einem Schnittpunkt des Goldenen Schnitts (Der Fairnesshalber muss ich zugeben, dass das Bild eine Ausschnittsvergr\u00f6\u00dferung ist. Im Original ist der Kopf bildmittig).<\/li><li>Der Blick: Hier hatte ich Gl\u00fcck. Der Fuchs hat direkt und neugierig in die Kamera geschaut.<\/li><\/ul>\n\n\n\n<h2 class=\"wp-block-heading\" id=\"was-braucht-man-also\">Was braucht man also?<\/h2>\n\n\n\n<p>Was braucht man, um Z\u00e4une verschwinden zu lassen und sch\u00f6ne Bilder zu machen?<\/p>\n\n\n\n<ol class=\"wp-block-list\"><li>Einen geeigneten Abstand von Fotograf, Zaun und Motiv. Ersterer sollte klein und letzterer gro\u00df sein.<\/li><li>Eine offene Blende und lange Brennweite. Beide Faktoren verringern die Sch\u00e4rfentiefe.<\/li><li>Eine Ausr\u00fcstung, die den zweiten Punkt erleichtert. Aber mit Handys kann man ebenfalls gute Bilder machen, da sie gegebenenfalls L\u00fccken um Zaun ausnutzen k\u00f6nnen. Das ist aber keine Aufforderung, Handys all zu sorglos in Gehege zu halten. <\/li><li>Gl\u00fcck beim Timing.<\/li><li>Respekt vor den Tieren, Pflanzen und Mitmenschen. <\/li><\/ol>\n","protected":false},"excerpt":{"rendered":"<p>Zoos und botanische G\u00e4rten bieten wunderbare M\u00f6glichkeiten zum Fotografieren: Interessante, abwechslungsreiche und spannende Motive. Unter anderem deshalb fotografiere ich gerne in der Wilhelma. Aber Zoos sind k\u00fcnstliche Umgebungen und die meisten Tiere sind in Gehegen oder hinter Glas. Und das macht es bisweilen herausfordernd, ein sch\u00f6nes Foto zu erhaschen. Aber es gibt auch Tricks, die [&hellip;]<\/p>\n","protected":false},"author":1,"featured_media":0,"parent":237,"menu_order":0,"comment_status":"closed","ping_status":"closed","template":"","meta":{"footnotes":""},"class_list":["post-461","page","type-page","status-publish","hentry"],"_links":{"self":[{"href":"https:\/\/holgersfotoblog.de\/index.php?rest_route=\/wp\/v2\/pages\/461","targetHints":{"allow":["GET"]}}],"collection":[{"href":"https:\/\/holgersfotoblog.de\/index.php?rest_route=\/wp\/v2\/pages"}],"about":[{"href":"https:\/\/holgersfotoblog.de\/index.php?rest_route=\/wp\/v2\/types\/page"}],"author":[{"embeddable":true,"href":"https:\/\/holgersfotoblog.de\/index.php?rest_route=\/wp\/v2\/users\/1"}],"replies":[{"embeddable":true,"href":"https:\/\/holgersfotoblog.de\/index.php?rest_route=%2Fwp%2Fv2%2Fcomments&post=461"}],"version-history":[{"count":6,"href":"https:\/\/holgersfotoblog.de\/index.php?rest_route=\/wp\/v2\/pages\/461\/revisions"}],"predecessor-version":[{"id":476,"href":"https:\/\/holgersfotoblog.de\/index.php?rest_route=\/wp\/v2\/pages\/461\/revisions\/476"}],"up":[{"embeddable":true,"href":"https:\/\/holgersfotoblog.de\/index.php?rest_route=\/wp\/v2\/pages\/237"}],"wp:attachment":[{"href":"https:\/\/holgersfotoblog.de\/index.php?rest_route=%2Fwp%2Fv2%2Fmedia&parent=461"}],"curies":[{"name":"wp","href":"https:\/\/api.w.org\/{rel}","templated":true}]}}